{"id":11978,"date":"2024-11-13T09:44:00","date_gmt":"2024-11-13T08:44:00","guid":{"rendered":"https:\/\/tres-or.eu\/education-for-digital-skills\/"},"modified":"2025-05-11T21:56:57","modified_gmt":"2025-05-11T19:56:57","slug":"education-for-digital-skills","status":"publish","type":"page","link":"https:\/\/tres-or.eu\/en\/education-for-digital-skills\/","title":{"rendered":"Education for digital skills"},"content":{"rendered":"\t\t<div data-elementor-type=\"wp-page\" data-elementor-id=\"11978\" class=\"elementor elementor-11978 elementor-10357\">\n\t\t\t\t<div class=\"elementor-element elementor-element-7d5195c e-con-full qode_elementor_container_inner e-flex parallax_section_no e-con e-parent\" data-id=\"7d5195c\" data-element_type=\"container\" data-e-type=\"container\">\n\t\t<div class=\"elementor-element elementor-element-75a18a7 e-con-full e-flex parallax_section_no qode_elementor_container_no e-con e-child\" data-id=\"75a18a7\" data-element_type=\"container\" data-e-type=\"container\" data-settings=\"{&quot;background_background&quot;:&quot;classic&quot;}\">\n\t\t<div class=\"elementor-element elementor-element-2bd0f61 e-con-full e-flex parallax_section_no qode_elementor_container_no e-con e-child\" data-id=\"2bd0f61\" data-element_type=\"container\" data-e-type=\"container\" data-settings=\"{&quot;background_background&quot;:&quot;classic&quot;}\">\n\t\t\t\t<div class=\"elementor-element elementor-element-c777167 elementor-widget elementor-widget-heading\" data-id=\"c777167\" data-element_type=\"widget\" data-e-type=\"widget\" data-widget_type=\"heading.default\">\n\t\t\t\t<div class=\"elementor-widget-container\">\n\t\t\t\t\t<h6 class=\"elementor-heading-title elementor-size-default\"><a href=\"https:\/\/tres-or.eu\/en\/education-for-a-democratic-culture\/\">Education for a democratic culture<\/a><\/h6>\t\t\t\t<\/div>\n\t\t\t\t<\/div>\n\t\t\t\t<div class=\"elementor-element elementor-element-9051fe8 elementor-widget-divider--view-line elementor-widget elementor-widget-divider\" data-id=\"9051fe8\" data-element_type=\"widget\" data-e-type=\"widget\" data-widget_type=\"divider.default\">\n\t\t\t\t<div class=\"elementor-widget-container\">\n\t\t\t\t\t\t\t<div class=\"elementor-divider\">\n\t\t\t<span class=\"elementor-divider-separator\">\n\t\t\t\t\t\t<\/span>\n\t\t<\/div>\n\t\t\t\t\t\t<\/div>\n\t\t\t\t<\/div>\n\t\t\t\t<div class=\"elementor-element elementor-element-54a6641 elementor-widget elementor-widget-heading\" data-id=\"54a6641\" data-element_type=\"widget\" data-e-type=\"widget\" data-widget_type=\"heading.default\">\n\t\t\t\t<div class=\"elementor-widget-container\">\n\t\t\t\t\t<h6 class=\"elementor-heading-title elementor-size-default\"><a href=\"https:\/\/tres-or.eu\/en\/education-for-sustainable-development\/\">Bildung f\u00fcr nachhaltige Entwicklung<\/a><\/h6>\t\t\t\t<\/div>\n\t\t\t\t<\/div>\n\t\t\t\t<div class=\"elementor-element elementor-element-d7a1ca6 elementor-widget-divider--view-line elementor-widget elementor-widget-divider\" data-id=\"d7a1ca6\" data-element_type=\"widget\" data-e-type=\"widget\" data-widget_type=\"divider.default\">\n\t\t\t\t<div class=\"elementor-widget-container\">\n\t\t\t\t\t\t\t<div class=\"elementor-divider\">\n\t\t\t<span class=\"elementor-divider-separator\">\n\t\t\t\t\t\t<\/span>\n\t\t<\/div>\n\t\t\t\t\t\t<\/div>\n\t\t\t\t<\/div>\n\t\t\t\t<div class=\"elementor-element elementor-element-137b6c4 elementor-widget elementor-widget-heading\" data-id=\"137b6c4\" data-element_type=\"widget\" data-e-type=\"widget\" data-widget_type=\"heading.default\">\n\t\t\t\t<div class=\"elementor-widget-container\">\n\t\t\t\t\t<h6 class=\"elementor-heading-title elementor-size-default\"><a href=\"https:\/\/tres-or.eu\/en\/education-for-multilingual-and-intercultural-competences\/\">Education for multilingual and intercultural competences<\/a><\/h6>\t\t\t\t<\/div>\n\t\t\t\t<\/div>\n\t\t\t\t<div class=\"elementor-element elementor-element-5d4a1d6 elementor-widget-divider--view-line elementor-widget elementor-widget-divider\" data-id=\"5d4a1d6\" data-element_type=\"widget\" data-e-type=\"widget\" data-widget_type=\"divider.default\">\n\t\t\t\t<div class=\"elementor-widget-container\">\n\t\t\t\t\t\t\t<div class=\"elementor-divider\">\n\t\t\t<span class=\"elementor-divider-separator\">\n\t\t\t\t\t\t<\/span>\n\t\t<\/div>\n\t\t\t\t\t\t<\/div>\n\t\t\t\t<\/div>\n\t\t\t\t<div class=\"elementor-element elementor-element-8e5c5b9 elementor-widget elementor-widget-heading\" data-id=\"8e5c5b9\" data-element_type=\"widget\" data-e-type=\"widget\" data-widget_type=\"heading.default\">\n\t\t\t\t<div class=\"elementor-widget-container\">\n\t\t\t\t\t<h6 class=\"elementor-heading-title elementor-size-default\"><a href=\"https:\/\/tres-or.eu\/en\/mission\/\">Our Mission<\/a><\/h6>\t\t\t\t<\/div>\n\t\t\t\t<\/div>\n\t\t\t\t<\/div>\n\t\t<div class=\"elementor-element elementor-element-4fa3f7f e-flex e-con-boxed parallax_section_no qode_elementor_container_no e-con e-child\" data-id=\"4fa3f7f\" data-element_type=\"container\" data-e-type=\"container\">\n\t\t\t\t\t<div class=\"e-con-inner\">\n\t\t\t\t\t<\/div>\n\t\t\t\t<\/div>\n\t\t\t\t<\/div>\n\t\t<div class=\"elementor-element elementor-element-667db2d e-con-full e-flex parallax_section_no qode_elementor_container_no e-con e-child\" data-id=\"667db2d\" data-element_type=\"container\" data-e-type=\"container\">\n\t\t\t\t<div class=\"elementor-element elementor-element-1de6bd3 elementor-widget elementor-widget-bridge_accordion\" data-id=\"1de6bd3\" data-element_type=\"widget\" data-e-type=\"widget\" data-widget_type=\"bridge_accordion.default\">\n\t\t\t\t<div class=\"elementor-widget-container\">\n\t\t\t\t\t\n        <div class=\"qode-accordion-holder clearfix qode-accordion qode-initial \">\n            <h5 class=\"clearfix qode-title-holder\">\n<span class=\"qode-tab-title\">\n\t\t\t<span class=\"qode-tab-title-icon\">\n\t\t\t\t\t<\/span>\n\t    <span class=\"qode-tab-title-inner\">\n        Was ist Bildung f\u00fcr digitale Kompetenzen?    <\/span>\n<\/span>\n<span class=\"qode-accordion-mark\">\n    <span class=\"qode-accordion-mark-icon\">\n        <span class=\"icon_plus\"><\/span>\n        <span class=\"icon_minus-06\"><\/span>\n    <\/span>\n<\/span>\n<\/h5>\n<div  class=\"qode-accordion-content \" style=\"background-image: url()\">\n    <div class=\"qode-accordion-content-inner\">\n        <p>Bildung f\u00fcr digitale Kompetenzen bedeutet, Menschen die F\u00e4higkeiten und das Wissen zu vermitteln, um digitale Technologien sicher, verantwortungsbewusst, im Sinne des ethischen Handelns, \u00a0und kreativ zu nutzen. Digitale Kompetenz umfasst technische Fertigkeiten, wie den sicheren Umgang mit verschiedenen digitalen Tools und Plattformen, aber auch kritisches Denken, Datenschutzbewusstsein und die F\u00e4higkeit, digitale Informationen zu analysieren und zu bewerten. Diese Kompetenzen helfen dabei, in einer zunehmend vernetzten Welt erfolgreich zu kommunizieren, zu arbeiten und gesellschaftlich teilzuhaben.<\/p>    <\/div>\n<\/div><h5 class=\"clearfix qode-title-holder\">\n<span class=\"qode-tab-title\">\n\t\t\t<span class=\"qode-tab-title-icon\">\n\t\t\t\t\t<\/span>\n\t    <span class=\"qode-tab-title-inner\">\n        Warum ist Bildung f\u00fcr digitale Kompetenzen wichtig?    <\/span>\n<\/span>\n<span class=\"qode-accordion-mark\">\n    <span class=\"qode-accordion-mark-icon\">\n        <span class=\"icon_plus\"><\/span>\n        <span class=\"icon_minus-06\"><\/span>\n    <\/span>\n<\/span>\n<\/h5>\n<div  class=\"qode-accordion-content \" style=\"background-image: url()\">\n    <div class=\"qode-accordion-content-inner\">\n        <p>Digitale Kompetenzen sind heute unerl\u00e4sslich, da digitale Technologien praktisch alle Lebensbereiche durchdringen \u2013 von der Bildung und Arbeitswelt bis hin zur Freizeitgestaltung und sozialen Interaktion. Der kompetente Umgang mit digitalen Medien ist entscheidend, um sich den Anforderungen des modernen Arbeitsmarkts anzupassen, Fake News zu erkennen, Datenschutzbestimmungen zu verstehen und verantwortungsvoll im digitalen Raum zu agieren. Gleichzeitig er\u00f6ffnet die digitale Welt neue M\u00f6glichkeiten zur Zusammenarbeit und Probleml\u00f6sung, die nur durch gezielte Bildung zug\u00e4nglich gemacht werden k\u00f6nnen. Bildung f\u00fcr digitale Kompetenzen ist daher ein Schl\u00fcssel, um m\u00fcndige, digital versierte B\u00fcrger*innen zu f\u00f6rdern, die die Zukunft aktiv mitgestalten k\u00f6nnen.<\/p>    <\/div>\n<\/div><h5 class=\"clearfix qode-title-holder\">\n<span class=\"qode-tab-title\">\n\t\t\t<span class=\"qode-tab-title-icon\">\n\t\t\t\t\t<\/span>\n\t    <span class=\"qode-tab-title-inner\">\n        Wie besch\u00e4ftigt sich Tres&#039;OR mit Bildung f\u00fcr digitale Kompetenzen?    <\/span>\n<\/span>\n<span class=\"qode-accordion-mark\">\n    <span class=\"qode-accordion-mark-icon\">\n        <span class=\"icon_plus\"><\/span>\n        <span class=\"icon_minus-06\"><\/span>\n    <\/span>\n<\/span>\n<\/h5>\n<div  class=\"qode-accordion-content \" style=\"background-image: url()\">\n    <div class=\"qode-accordion-content-inner\">\n        <p>Im Rahmen des Projekts Tres'OR werden Schulen und Lehrkr\u00e4fte gezielt dabei unterst\u00fctzt, digitale Kompetenzen in den Unterricht zu integrieren und den Sch\u00fclerinnen digitale Schl\u00fcsselqualifikationen zu vermitteln. Tres'OR bietet hierzu Workshops, Schulungen und p\u00e4dagogische Materialien an, die den Einsatz digitaler Tools im Klassenzimmer erleichtern. Der Fokus liegt dabei auf der Anwendung digitaler Technologien f\u00fcr grenz\u00fcberschreitende Projekte, die den Sch\u00fclerinnen und Sch\u00fclern praxisnahes Lernen und Vernetzung erm\u00f6glichen. Durch diese Angebote tr\u00e4gt Tres'OR dazu bei, dass junge Menschen am Oberrhein digitale Fertigkeiten entwickeln, die sie nicht nur auf den Arbeitsmarkt vorbereiten, sondern auch dazu bef\u00e4higen, digitale Innovationen verantwortungsbewusst und kreativ zu nutzen.<\/p>    <\/div>\n<\/div>        <\/div>\n\n        \t\t\t\t<\/div>\n\t\t\t\t<\/div>\n\t\t\t\t<\/div>\n\t\t\t\t<\/div>\n\t\t<div class=\"elementor-element elementor-element-463facba e-con-full e-flex parallax_section_no qode_elementor_container_no e-con e-parent\" data-id=\"463facba\" data-element_type=\"container\" data-e-type=\"container\" data-settings=\"{&quot;background_background&quot;:&quot;classic&quot;}\">\n\t\t<div class=\"elementor-element elementor-element-40428827 e-con-full e-flex parallax_section_no qode_elementor_container_no e-con e-child\" data-id=\"40428827\" data-element_type=\"container\" data-e-type=\"container\">\n\t\t\t\t<div class=\"elementor-element elementor-element-25e437d1 elementor-widget elementor-widget-bridge_icon\" data-id=\"25e437d1\" data-element_type=\"widget\" data-e-type=\"widget\" data-widget_type=\"bridge_icon.default\">\n\t\t\t\t<div class=\"elementor-widget-container\">\n\t\t\t\t\t<span data-type=\"normal\"  class=\"qode_icon_shortcode  q_font_awsome_icon fa-lg pull-left \" style=\" \"><span aria-hidden=\"true\" class=\"qode_icon_font_elegant icon_circle-empty qode_icon_element\" style=\"font-size: 12px;color: #1B3942;\" ><\/span><\/span>\t\t\t\t<\/div>\n\t\t\t\t<\/div>\n\t\t\t\t<div class=\"elementor-element elementor-element-2499ca8 elementor-widget elementor-widget-bridge_custom_font\" data-id=\"2499ca8\" data-element_type=\"widget\" data-e-type=\"widget\" data-widget_type=\"bridge_custom_font.default\">\n\t\t\t\t<div class=\"elementor-widget-container\">\n\t\t\t\t\t<div class=\"custom_font_holder \" style=\"font-family: Source Sans Pro; font-style: normal; font-weight: 600; color: #1B3942; text-decoration: none; letter-spacing: 1.728px; text-align: left; --qode-cf-font-size: 15px; --qode-cf-line-height: 22px; --qode-cf-font-size-1440: 15px; --qode-cf-line-height-1440: 22px; --qode-cf-font-size-1366: 15px; --qode-cf-line-height-1366: 22px; --qode-cf-font-size-1280: 15px; --qode-cf-line-height-1280: 22px; --qode-cf-font-size-1024: 15px; --qode-cf-line-height-1024: 22px; --qode-cf-font-size-768: 15px; --qode-cf-line-height-768: 22px; --qode-cf-font-size-680: 15px; --qode-cf-line-height-680: 22px; --qode-cf-font-size-480: 15px; --qode-cf-line-height-480: 22px;\">NEWSLETTER<\/div>\t\t\t\t<\/div>\n\t\t\t\t<\/div>\n\t\t\t\t<\/div>\n\t\t<div class=\"elementor-element elementor-element-1dd3771e e-con-full e-flex parallax_section_no qode_elementor_container_no e-con e-child\" data-id=\"1dd3771e\" data-element_type=\"container\" data-e-type=\"container\">\n\t\t\t\t<div class=\"elementor-element elementor-element-7947ef38 elementor-widget__width-initial elementor-widget elementor-widget-heading\" data-id=\"7947ef38\" data-element_type=\"widget\" data-e-type=\"widget\" data-widget_type=\"heading.default\">\n\t\t\t\t<div class=\"elementor-widget-container\">\n\t\t\t\t\t<h3 class=\"elementor-heading-title elementor-size-default\">Subscribe to our newsletter and stay up to date!<\/h3>\t\t\t\t<\/div>\n\t\t\t\t<\/div>\n\t\t\t\t<div class=\"elementor-element elementor-element-1fe7b18e elementor-widget__width-initial elementor-widget elementor-widget-bridge_cf_7\" data-id=\"1fe7b18e\" data-element_type=\"widget\" data-e-type=\"widget\" data-widget_type=\"bridge_cf_7.default\">\n\t\t\t\t<div class=\"elementor-widget-container\">\n\t\t\t\t\t    <div class=\"qode-contact-form-7 qode-contact-form-7-0\">\n    \n<div class=\"wpcf7 no-js\" id=\"wpcf7-f7950-o1\" lang=\"de-DE\" dir=\"ltr\" data-wpcf7-id=\"7950\">\n<div class=\"screen-reader-response\"><p role=\"status\" aria-live=\"polite\" aria-atomic=\"true\"><\/p> <ul><\/ul><\/div>\n<form action=\"\/en\/wp-json\/wp\/v2\/pages\/11978#wpcf7-f7950-o1\" method=\"post\" class=\"wpcf7-form init cf7_custom_style_1\" aria-label=\"Kontaktformular\" novalidate=\"novalidate\" data-status=\"init\">\n<fieldset class=\"hidden-fields-container\"><input type=\"hidden\" name=\"_wpcf7\" value=\"7950\" \/><input type=\"hidden\" name=\"_wpcf7_version\" value=\"6.1.5\" \/><input type=\"hidden\" name=\"_wpcf7_locale\" value=\"de_DE\" \/><input type=\"hidden\" name=\"_wpcf7_unit_tag\" value=\"wpcf7-f7950-o1\" \/><input type=\"hidden\" name=\"_wpcf7_container_post\" value=\"0\" \/><input type=\"hidden\" name=\"_wpcf7_posted_data_hash\" value=\"\" \/>\n<\/fieldset>\n<div class=\"qode-cf7-newsletter\">\n<span class=\"wpcf7-form-control-wrap\" data-name=\"your-email\"><input size=\"40\" maxlength=\"400\" class=\"wpcf7-form-control wpcf7-email wpcf7-validates-as-required wpcf7-text wpcf7-validates-as-email\" aria-required=\"true\" aria-invalid=\"false\" placeholder=\"Email\" value=\"\" type=\"email\" name=\"your-email\" \/><\/span>\n<input class=\"wpcf7-form-control wpcf7-submit has-spinner\" type=\"submit\" value=\"Subscribe\" \/>\n<\/div><div class=\"wpcf7-response-output\" aria-hidden=\"true\"><\/div>\n<\/form>\n<\/div>\n    <\/div>\n\t\t\t\t<\/div>\n\t\t\t\t<\/div>\n\t\t\t\t<\/div>\n\t\t\t\t<\/div>\n\t\t\t\t<\/div>\n\t\t","protected":false},"excerpt":{"rendered":"<p>Education for a democratic culture Bildung f\u00fcr nachhaltige Entwicklung Education for multilingual and intercultural competences Our Mission Was ist Bildung f\u00fcr digitale Kompetenzen? Bildung f\u00fcr digitale Kompetenzen bedeutet, Menschen die F\u00e4higkeiten und das Wissen zu vermitteln, um digitale Technologien sicher, verantwortungsbewusst, im Sinne des ethischen&#8230;<\/p>\n","protected":false},"author":2,"featured_media":0,"parent":0,"menu_order":0,"comment_status":"closed","ping_status":"closed","template":"full_width.php","meta":{"footnotes":""},"class_list":["post-11978","page","type-page","status-publish","hentry"],"_links":{"self":[{"href":"https:\/\/tres-or.eu\/en\/wp-json\/wp\/v2\/pages\/11978","targetHints":{"allow":["GET"]}}],"collection":[{"href":"https:\/\/tres-or.eu\/en\/wp-json\/wp\/v2\/pages"}],"about":[{"href":"https:\/\/tres-or.eu\/en\/wp-json\/wp\/v2\/types\/page"}],"author":[{"embeddable":true,"href":"https:\/\/tres-or.eu\/en\/wp-json\/wp\/v2\/users\/2"}],"replies":[{"embeddable":true,"href":"https:\/\/tres-or.eu\/en\/wp-json\/wp\/v2\/comments?post=11978"}],"version-history":[{"count":6,"href":"https:\/\/tres-or.eu\/en\/wp-json\/wp\/v2\/pages\/11978\/revisions"}],"predecessor-version":[{"id":12204,"href":"https:\/\/tres-or.eu\/en\/wp-json\/wp\/v2\/pages\/11978\/revisions\/12204"}],"wp:attachment":[{"href":"https:\/\/tres-or.eu\/en\/wp-json\/wp\/v2\/media?parent=11978"}],"curies":[{"name":"wp","href":"https:\/\/api.w.org\/{rel}","templated":true}]}}