{"id":11945,"date":"2024-11-13T08:40:23","date_gmt":"2024-11-13T07:40:23","guid":{"rendered":"https:\/\/tres-or.eu\/mission\/"},"modified":"2026-01-23T15:55:11","modified_gmt":"2026-01-23T14:55:11","slug":"mission","status":"publish","type":"page","link":"https:\/\/tres-or.eu\/fr\/mission\/","title":{"rendered":"Notre mission"},"content":{"rendered":"\t\t<div data-elementor-type=\"wp-page\" data-elementor-id=\"11945\" class=\"elementor elementor-11945 elementor-10255\">\n\t\t\t\t<div class=\"elementor-element elementor-element-7d5195c e-con-full qode_elementor_container_inner e-flex parallax_section_no e-con e-parent\" data-id=\"7d5195c\" data-element_type=\"container\" data-e-type=\"container\">\n\t\t<div class=\"elementor-element elementor-element-75a18a7 e-con-full e-flex parallax_section_no qode_elementor_container_no e-con e-child\" data-id=\"75a18a7\" data-element_type=\"container\" data-e-type=\"container\" data-settings=\"{&quot;background_background&quot;:&quot;classic&quot;}\">\n\t\t<div class=\"elementor-element elementor-element-2bd0f61 e-con-full e-flex parallax_section_no qode_elementor_container_no e-con e-child\" data-id=\"2bd0f61\" data-element_type=\"container\" data-e-type=\"container\" data-settings=\"{&quot;background_background&quot;:&quot;classic&quot;}\">\n\t\t\t\t<div class=\"elementor-element elementor-element-c777167 elementor-widget elementor-widget-heading\" data-id=\"c777167\" data-element_type=\"widget\" data-e-type=\"widget\" data-widget_type=\"heading.default\">\n\t\t\t\t<div class=\"elementor-widget-container\">\n\t\t\t\t\t<h6 class=\"elementor-heading-title elementor-size-default\"><a href=\"https:\/\/tres-or.eu\/fr\/education-pour-une-culture-democratique\/\">\u00c9ducation pour une culture d\u00e9mocratique<\/a><\/h6>\t\t\t\t<\/div>\n\t\t\t\t<\/div>\n\t\t\t\t<div class=\"elementor-element elementor-element-9051fe8 elementor-widget-divider--view-line elementor-widget elementor-widget-divider\" data-id=\"9051fe8\" data-element_type=\"widget\" data-e-type=\"widget\" data-widget_type=\"divider.default\">\n\t\t\t\t<div class=\"elementor-widget-container\">\n\t\t\t\t\t\t\t<div class=\"elementor-divider\">\n\t\t\t<span class=\"elementor-divider-separator\">\n\t\t\t\t\t\t<\/span>\n\t\t<\/div>\n\t\t\t\t\t\t<\/div>\n\t\t\t\t<\/div>\n\t\t\t\t<div class=\"elementor-element elementor-element-54a6641 elementor-widget elementor-widget-heading\" data-id=\"54a6641\" data-element_type=\"widget\" data-e-type=\"widget\" data-widget_type=\"heading.default\">\n\t\t\t\t<div class=\"elementor-widget-container\">\n\t\t\t\t\t<h6 class=\"elementor-heading-title elementor-size-default\"><a href=\"https:\/\/tres-or.eu\/fr\/education-pour-les-competences-numeriques\/\">\u00c9ducation aux comp\u00e9tences num\u00e9riques<\/a><\/h6>\t\t\t\t<\/div>\n\t\t\t\t<\/div>\n\t\t\t\t<div class=\"elementor-element elementor-element-5d4a1d6 elementor-widget-divider--view-line elementor-widget elementor-widget-divider\" data-id=\"5d4a1d6\" data-element_type=\"widget\" data-e-type=\"widget\" data-widget_type=\"divider.default\">\n\t\t\t\t<div class=\"elementor-widget-container\">\n\t\t\t\t\t\t\t<div class=\"elementor-divider\">\n\t\t\t<span class=\"elementor-divider-separator\">\n\t\t\t\t\t\t<\/span>\n\t\t<\/div>\n\t\t\t\t\t\t<\/div>\n\t\t\t\t<\/div>\n\t\t\t\t<div class=\"elementor-element elementor-element-23f7bc8 elementor-widget elementor-widget-heading\" data-id=\"23f7bc8\" data-element_type=\"widget\" data-e-type=\"widget\" data-widget_type=\"heading.default\">\n\t\t\t\t<div class=\"elementor-widget-container\">\n\t\t\t\t\t<h6 class=\"elementor-heading-title elementor-size-default\"><a href=\"https:\/\/tres-or.eu\/fr\/education-au-developpement-durable\/\">\u00c9ducation au d\u00e9veloppement durable<\/a><\/h6>\t\t\t\t<\/div>\n\t\t\t\t<\/div>\n\t\t\t\t<div class=\"elementor-element elementor-element-d7a1ca6 elementor-widget-divider--view-line elementor-widget elementor-widget-divider\" data-id=\"d7a1ca6\" data-element_type=\"widget\" data-e-type=\"widget\" data-widget_type=\"divider.default\">\n\t\t\t\t<div class=\"elementor-widget-container\">\n\t\t\t\t\t\t\t<div class=\"elementor-divider\">\n\t\t\t<span class=\"elementor-divider-separator\">\n\t\t\t\t\t\t<\/span>\n\t\t<\/div>\n\t\t\t\t\t\t<\/div>\n\t\t\t\t<\/div>\n\t\t\t\t<div class=\"elementor-element elementor-element-137b6c4 elementor-widget elementor-widget-heading\" data-id=\"137b6c4\" data-element_type=\"widget\" data-e-type=\"widget\" data-widget_type=\"heading.default\">\n\t\t\t\t<div class=\"elementor-widget-container\">\n\t\t\t\t\t<h6 class=\"elementor-heading-title elementor-size-default\"><a href=\"https:\/\/tres-or.eu\/fr\/education-aux-competences-plurilingues-et-interculturelles\/\">\u00c9ducation aux comp\u00e9tences plurilingues et interculturelles<\/a><\/h6>\t\t\t\t<\/div>\n\t\t\t\t<\/div>\n\t\t\t\t<\/div>\n\t\t<div class=\"elementor-element elementor-element-4fa3f7f e-flex e-con-boxed parallax_section_no qode_elementor_container_no e-con e-child\" data-id=\"4fa3f7f\" data-element_type=\"container\" data-e-type=\"container\">\n\t\t\t\t\t<div class=\"e-con-inner\">\n\t\t\t\t\t<\/div>\n\t\t\t\t<\/div>\n\t\t\t\t<\/div>\n\t\t<div class=\"elementor-element elementor-element-667db2d e-con-full e-flex parallax_section_no qode_elementor_container_no e-con e-child\" data-id=\"667db2d\" data-element_type=\"container\" data-e-type=\"container\">\n\t\t\t\t<div class=\"elementor-element elementor-element-0210a5f elementor-widget elementor-widget-heading\" data-id=\"0210a5f\" data-element_type=\"widget\" data-e-type=\"widget\" data-widget_type=\"heading.default\">\n\t\t\t\t<div class=\"elementor-widget-container\">\n\t\t\t\t\t<h2 class=\"elementor-heading-title elementor-size-default\">Notre mission<\/h2>\t\t\t\t<\/div>\n\t\t\t\t<\/div>\n\t\t\t\t<div class=\"elementor-element elementor-element-6186c2e elementor-widget elementor-widget-text-editor\" data-id=\"6186c2e\" data-element_type=\"widget\" data-e-type=\"widget\" data-widget_type=\"text-editor.default\">\n\t\t\t\t<div class=\"elementor-widget-container\">\n\t\t\t\t\t\t\t\t\t<p>Le projet Tres\u2019OR aide les \u00e9tablissements scolaires de la r\u00e9gion du Rhin sup\u00e9rieur \u00e0 \u00e9voluer vers un enseignement plus durable et tourn\u00e9 vers l\u2019avenir. Face aux grands d\u00e9fis actuels comme le changement climatique, la d\u00e9mocratie ou le progr\u00e8s technologique, nous croyons que l\u2019\u00e9ducation est essentielle pour pr\u00e9parer les jeunes \u00e0 agir dans la soci\u00e9t\u00e9. <\/p><p>Nous souhaitons encourager la coop\u00e9ration entre les g\u00e9n\u00e9rations et entre les pays de la r\u00e9gion du Rhin sup\u00e9rieur, pour construire une identit\u00e9 europ\u00e9enne commune. Avec des outils p\u00e9dagogiques modernes, des projets concrets et des formations pour les enseignants, nous renfor\u00e7ons des comp\u00e9tences cl\u00e9s : citoyennet\u00e9, num\u00e9rique, d\u00e9veloppement durable, langues et interculturel.<br>Notre objectif est de relier les \u00e9tablissements scolaires au-del\u00e0 des fronti\u00e8res et de cr\u00e9er un espace d\u2019apprentissage ouvert \u00e0 tous, o\u00f9 les jeunes participent activement \u00e0 l\u2019avenir de leur r\u00e9gion. Avec nos partenaires, nous construisons une r\u00e9gion frontali\u00e8re forte, diverse et durable, qui donne aux jeunes l\u2019envie et les moyens de b\u00e2tir l\u2019avenir avec confiance et responsabilit\u00e9.  <\/p><p>En collaboration avec nos partenaires et les \u00e9coles de la r\u00e9gion du Rhin sup\u00e9rieur, nous fa\u00e7onnons l&rsquo;avenir d&rsquo;une r\u00e9gion frontali\u00e8re forte, diversifi\u00e9e et durable &#8211; une r\u00e9gion qui inspire les jeunes \u00e0 d\u00e9velopper leur potentiel et \u00e0 construire l&rsquo;avenir de mani\u00e8re responsable et confiante.<\/p>\t\t\t\t\t\t\t\t<\/div>\n\t\t\t\t<\/div>\n\t\t\t\t<div class=\"elementor-element elementor-element-0e17611 elementor-widget elementor-widget-heading\" data-id=\"0e17611\" data-element_type=\"widget\" data-e-type=\"widget\" data-widget_type=\"heading.default\">\n\t\t\t\t<div class=\"elementor-widget-container\">\n\t\t\t\t\t<h2 class=\"elementor-heading-title elementor-size-default\">Notre vision<\/h2>\t\t\t\t<\/div>\n\t\t\t\t<\/div>\n\t\t\t\t<div class=\"elementor-element elementor-element-37c6a63 elementor-widget elementor-widget-text-editor\" data-id=\"37c6a63\" data-element_type=\"widget\" data-e-type=\"widget\" data-widget_type=\"text-editor.default\">\n\t\t\t\t<div class=\"elementor-widget-container\">\n\t\t\t\t\t\t\t\t\t<p>Le projet Tres\u2019OR imagine une r\u00e9gion du Rhin sup\u00e9rieur durable, d\u00e9mocratique et bien connect\u00e9e, o\u00f9 l\u2019\u00e9ducation d\u00e9passe les fronti\u00e8res. Nous r\u00eavons d\u2019un avenir o\u00f9 les \u00e9l\u00e8ves d\u2019Allemagne, de France et de Suisse apprennent ensemble, enrichis par les langues, la diversit\u00e9 culturelle et une bonne compr\u00e9hension des enjeux actuels. <\/p><p>Nous voulons une r\u00e9gion o\u00f9 les \u00e9coles sont des lieux d\u2019apprentissage innovants qui pr\u00e9parent les jeunes \u00e0 \u00eatre responsables et engag\u00e9s dans la soci\u00e9t\u00e9. Une r\u00e9gion o\u00f9 l\u2019\u00e9ducation repose sur des valeurs fortes : d\u00e9mocratie, durabilit\u00e9, justice sociale et souverainet\u00e9 num\u00e9rique.<br>Notre but est de faire de cette r\u00e9gion un exemple de coop\u00e9ration europ\u00e9enne, o\u00f9 la diversit\u00e9 est une richesse et o\u00f9 les jeunes apprennent \u00e0 penser et agir \u00e0 la fois localement et globalement.  <\/p><p>Avec Tres\u2019OR, nous soutenons activement ce changement en aidant les \u00e9tablissements scolaires et les enseignants \u00e0 travailler ensemble. Nous voulons construire un espace \u00e9ducatif europ\u00e9en commun, o\u00f9 chaque jeune peut participer \u00e0 la soci\u00e9t\u00e9 et contribuer positivement \u00e0 l\u2019avenir. <\/p>\t\t\t\t\t\t\t\t<\/div>\n\t\t\t\t<\/div>\n\t\t\t\t<\/div>\n\t\t\t\t<\/div>\n\t\t\t\t<\/div>\n\t\t","protected":false},"excerpt":{"rendered":"<p>\u00c9ducation pour une culture d\u00e9mocratique \u00c9ducation aux comp\u00e9tences num\u00e9riques \u00c9ducation au d\u00e9veloppement durable \u00c9ducation aux comp\u00e9tences plurilingues et interculturelles Notre mission Le projet Tres\u2019OR aide les \u00e9tablissements scolaires de la r\u00e9gion du Rhin sup\u00e9rieur \u00e0 \u00e9voluer vers un enseignement plus durable et tourn\u00e9 vers l\u2019avenir&#8230;.<\/p>\n","protected":false},"author":2,"featured_media":0,"parent":0,"menu_order":0,"comment_status":"closed","ping_status":"closed","template":"full_width.php","meta":{"footnotes":""},"class_list":["post-11945","page","type-page","status-publish","hentry"],"_links":{"self":[{"href":"https:\/\/tres-or.eu\/fr\/wp-json\/wp\/v2\/pages\/11945","targetHints":{"allow":["GET"]}}],"collection":[{"href":"https:\/\/tres-or.eu\/fr\/wp-json\/wp\/v2\/pages"}],"about":[{"href":"https:\/\/tres-or.eu\/fr\/wp-json\/wp\/v2\/types\/page"}],"author":[{"embeddable":true,"href":"https:\/\/tres-or.eu\/fr\/wp-json\/wp\/v2\/users\/2"}],"replies":[{"embeddable":true,"href":"https:\/\/tres-or.eu\/fr\/wp-json\/wp\/v2\/comments?post=11945"}],"version-history":[{"count":4,"href":"https:\/\/tres-or.eu\/fr\/wp-json\/wp\/v2\/pages\/11945\/revisions"}],"predecessor-version":[{"id":12446,"href":"https:\/\/tres-or.eu\/fr\/wp-json\/wp\/v2\/pages\/11945\/revisions\/12446"}],"wp:attachment":[{"href":"https:\/\/tres-or.eu\/fr\/wp-json\/wp\/v2\/media?parent=11945"}],"curies":[{"name":"wp","href":"https:\/\/api.w.org\/{rel}","templated":true}]}}