{"id":11974,"date":"2025-02-27T09:13:28","date_gmt":"2025-02-27T08:13:28","guid":{"rendered":"https:\/\/tres-or.eu\/vitrines\/"},"modified":"2025-05-11T21:48:08","modified_gmt":"2025-05-11T19:48:08","slug":"vitrines","status":"publish","type":"page","link":"https:\/\/tres-or.eu\/fr\/vitrines\/","title":{"rendered":"Vitrines"},"content":{"rendered":"\t\t<div data-elementor-type=\"wp-page\" data-elementor-id=\"11974\" class=\"elementor elementor-11974 elementor-10512\">\n\t\t\t\t<div class=\"elementor-element elementor-element-5cec6e3 e-con-full e-flex parallax_section_no qode_elementor_container_no e-con e-parent\" data-id=\"5cec6e3\" data-element_type=\"container\" data-e-type=\"container\" data-settings=\"{&quot;background_background&quot;:&quot;classic&quot;}\">\n\t\t<div class=\"elementor-element elementor-element-1b9ef473 e-con-full e-flex parallax_section_no qode_elementor_container_no e-con e-child\" data-id=\"1b9ef473\" data-element_type=\"container\" data-e-type=\"container\">\n\t\t\t\t<div class=\"elementor-element elementor-element-30b30b1a elementor-widget elementor-widget-bridge_icon\" data-id=\"30b30b1a\" data-element_type=\"widget\" data-e-type=\"widget\" data-widget_type=\"bridge_icon.default\">\n\t\t\t\t<div class=\"elementor-widget-container\">\n\t\t\t\t\t<span data-type=\"normal\"  class=\"qode_icon_shortcode  q_font_awsome_icon fa-lg pull-left \" style=\" \"><span aria-hidden=\"true\" class=\"qode_icon_font_elegant icon_circle-empty qode_icon_element\" style=\"font-size: 12px;color: #1B3942;\" ><\/span><\/span>\t\t\t\t<\/div>\n\t\t\t\t<\/div>\n\t\t\t\t<div class=\"elementor-element elementor-element-47a56f50 elementor-widget elementor-widget-bridge_custom_font\" data-id=\"47a56f50\" data-element_type=\"widget\" data-e-type=\"widget\" data-widget_type=\"bridge_custom_font.default\">\n\t\t\t\t<div class=\"elementor-widget-container\">\n\t\t\t\t\t<div class=\"custom_font_holder \" style=\"font-family: Source Sans Pro; font-style: normal; font-weight: 600; color: #1B3942; text-decoration: none; letter-spacing: 1.728px; text-align: left; --qode-cf-font-size: 15px; --qode-cf-line-height: 22px; --qode-cf-font-size-1440: 15px; --qode-cf-line-height-1440: 22px; --qode-cf-font-size-1366: 15px; --qode-cf-line-height-1366: 22px; --qode-cf-font-size-1280: 15px; --qode-cf-line-height-1280: 22px; --qode-cf-font-size-1024: 15px; --qode-cf-line-height-1024: 22px; --qode-cf-font-size-768: 15px; --qode-cf-line-height-768: 22px; --qode-cf-font-size-680: 15px; --qode-cf-line-height-680: 22px; --qode-cf-font-size-480: 15px; --qode-cf-line-height-480: 22px;\">Outils <\/div>\t\t\t\t<\/div>\n\t\t\t\t<\/div>\n\t\t\t\t<\/div>\n\t\t<div class=\"elementor-element elementor-element-766576a6 e-con-full e-flex parallax_section_no qode_elementor_container_no e-con e-child\" data-id=\"766576a6\" data-element_type=\"container\" data-e-type=\"container\">\n\t\t\t\t<div class=\"elementor-element elementor-element-2df0cb2d elementor-widget elementor-widget-heading\" data-id=\"2df0cb2d\" data-element_type=\"widget\" data-e-type=\"widget\" data-widget_type=\"heading.default\">\n\t\t\t\t<div class=\"elementor-widget-container\">\n\t\t\t\t\t<h1 class=\"elementor-heading-title elementor-size-default\">Projets ant\u00e9rieurs<\/h1>\t\t\t\t<\/div>\n\t\t\t\t<\/div>\n\t\t\t\t<\/div>\n\t\t\t\t<\/div>\n\t\t<div class=\"elementor-element elementor-element-c0cd004 e-con-full qode_elementor_container_inner e-flex parallax_section_no e-con e-parent\" data-id=\"c0cd004\" data-element_type=\"container\" data-e-type=\"container\">\n\t\t\t\t<div class=\"elementor-element elementor-element-f838761 elementor-widget elementor-widget-bridge_portfolio_list\" data-id=\"f838761\" data-element_type=\"widget\" data-e-type=\"widget\" data-widget_type=\"bridge_portfolio_list.default\">\n\t\t\t\t<div class=\"elementor-widget-container\">\n\t\t\t\t\t<div class='projects_holder_outer v3 portfolio_with_space portfolio_with_hover_text'>\n    \n    <div class='filter_outer'>\n        <div class='filter_holder'>\n            <ul>\n                                    <li class='filter' data-filter='all'>                        <span >All<\/span>\n                    <\/li>\n                \n                                                <li class='filter' data-filter='portfolio_category_86'>\n                                                        <span >Comp\u00e9tences num\u00e9riques<\/span>\n                                    <\/li>\n                                                <li class='filter' data-filter='portfolio_category_85'>\n                                                        <span >D\u00e9veloppement durable<\/span>\n                                    <\/li>\n                                                <li class='filter' data-filter='portfolio_category_84'>\n                                                        <span >\u00c9ducation \u00e0 la d\u00e9mocratie<\/span>\n                                    <\/li>\n                                                <li class='filter' data-filter='portfolio_category_87'>\n                                                        <span >Multilinguisme<\/span>\n                                    <\/li>\n            \n            <\/ul>\n        <\/div>\n    <\/div>\n\n    <div class='projects_holder portfolio_main_holder clearfix v3  hover_text portfolio_full_image portfolio_one_by_one'>\n        \n        <article class='mix portfolio_category_84 default' style=''>\n    \n    \n    \n                <div class='image_holder'>\n                <a itemprop='url' class='portfolio_link_for_touch' href='https:\/\/tres-or.eu\/fr\/portfolio_page\/le-conseil-de-leurope-et-moi\/' target='_self'>\n                    \n<span class='image'><img fetchpriority=\"high\" decoding=\"async\" width=\"1015\" height=\"676\" src=\"https:\/\/tres-or.eu\/wp-content\/uploads\/2025\/04\/01_der_europarat_und_ich_de_2.jpg\" class=\"attachment-full size-full wp-post-image\" alt=\"\" srcset=\"https:\/\/tres-or.eu\/wp-content\/uploads\/2025\/04\/01_der_europarat_und_ich_de_2.jpg 1015w, https:\/\/tres-or.eu\/wp-content\/uploads\/2025\/04\/01_der_europarat_und_ich_de_2-300x200.jpg 300w, https:\/\/tres-or.eu\/wp-content\/uploads\/2025\/04\/01_der_europarat_und_ich_de_2-768x511.jpg 768w, https:\/\/tres-or.eu\/wp-content\/uploads\/2025\/04\/01_der_europarat_und_ich_de_2-700x466.jpg 700w\" sizes=\"(max-width: 1015px) 100vw, 1015px\" \/><\/span>                <\/a>\n\n                <span class='text_holder'>\n    <span class='text_outer'>\n        <span class='text_inner'>\n            <div class=\"hover_feature_holder_title\">\n                <div class=\"hover_feature_holder_title_inner\">\n                    \n                        \n    <h5 itemprop=\"name\" class=\"portfolio_title entry_title\"><a itemprop=\"url\" href=\"https:\/\/tres-or.eu\/fr\/portfolio_page\/le-conseil-de-leurope-et-moi\/\"  target=\"_self\"> Le Conseil de l&rsquo;Europe et moi<\/a><\/h5>\n\n\n                        \n                            <span class=\"project_category\"  >\n    \u00c9ducation \u00e0 la d\u00e9mocratie    <\/span>\n\n                                    <\/div>\n            <\/div>\n\n            \n        <\/span>\n    <\/span>\n<\/span>\n            <\/div>\n                    \n    \n<\/article>\n<article class='mix portfolio_category_84 default' style=''>\n    \n    \n    \n                <div class='image_holder'>\n                <a itemprop='url' class='portfolio_link_for_touch' href='https:\/\/tres-or.eu\/fr\/portfolio_page\/europe-vous-avez-dit-europe\/' target='_self'>\n                    \n<span class='image'><img decoding=\"async\" width=\"754\" height=\"503\" src=\"https:\/\/tres-or.eu\/wp-content\/uploads\/2025\/04\/01_europa_sagten_sie_europa_de_2.jpg\" class=\"attachment-full size-full wp-post-image\" alt=\"\" srcset=\"https:\/\/tres-or.eu\/wp-content\/uploads\/2025\/04\/01_europa_sagten_sie_europa_de_2.jpg 754w, https:\/\/tres-or.eu\/wp-content\/uploads\/2025\/04\/01_europa_sagten_sie_europa_de_2-300x200.jpg 300w, https:\/\/tres-or.eu\/wp-content\/uploads\/2025\/04\/01_europa_sagten_sie_europa_de_2-700x467.jpg 700w\" sizes=\"(max-width: 754px) 100vw, 754px\" \/><\/span>                <\/a>\n\n                <span class='text_holder'>\n    <span class='text_outer'>\n        <span class='text_inner'>\n            <div class=\"hover_feature_holder_title\">\n                <div class=\"hover_feature_holder_title_inner\">\n                    \n                        \n    <h5 itemprop=\"name\" class=\"portfolio_title entry_title\"><a itemprop=\"url\" href=\"https:\/\/tres-or.eu\/fr\/portfolio_page\/europe-vous-avez-dit-europe\/\"  target=\"_self\"> Europe, vous avez dit Europe ?<\/a><\/h5>\n\n\n                        \n                            <span class=\"project_category\"  >\n    \u00c9ducation \u00e0 la d\u00e9mocratie    <\/span>\n\n                                    <\/div>\n            <\/div>\n\n            \n        <\/span>\n    <\/span>\n<\/span>\n            <\/div>\n                    \n    \n<\/article>\n<article class='mix portfolio_category_85 default' style=''>\n    \n    \n    \n                <div class='image_holder'>\n                <a itemprop='url' class='portfolio_link_for_touch' href='https:\/\/tres-or.eu\/fr\/portfolio_page\/nature-pouvoir\/' target='_self'>\n                    \n<span class='image'><img decoding=\"async\" width=\"2013\" height=\"1484\" src=\"https:\/\/tres-or.eu\/wp-content\/uploads\/2025\/04\/01_natur_und_macht_de.jpg\" class=\"attachment-full size-full wp-post-image\" alt=\"\" srcset=\"https:\/\/tres-or.eu\/wp-content\/uploads\/2025\/04\/01_natur_und_macht_de.jpg 2013w, https:\/\/tres-or.eu\/wp-content\/uploads\/2025\/04\/01_natur_und_macht_de-300x221.jpg 300w, https:\/\/tres-or.eu\/wp-content\/uploads\/2025\/04\/01_natur_und_macht_de-1024x755.jpg 1024w, https:\/\/tres-or.eu\/wp-content\/uploads\/2025\/04\/01_natur_und_macht_de-768x566.jpg 768w, https:\/\/tres-or.eu\/wp-content\/uploads\/2025\/04\/01_natur_und_macht_de-1536x1132.jpg 1536w, https:\/\/tres-or.eu\/wp-content\/uploads\/2025\/04\/01_natur_und_macht_de-700x516.jpg 700w\" sizes=\"(max-width: 2013px) 100vw, 2013px\" \/><\/span>                <\/a>\n\n                <span class='text_holder'>\n    <span class='text_outer'>\n        <span class='text_inner'>\n            <div class=\"hover_feature_holder_title\">\n                <div class=\"hover_feature_holder_title_inner\">\n                    \n                        \n    <h5 itemprop=\"name\" class=\"portfolio_title entry_title\"><a itemprop=\"url\" href=\"https:\/\/tres-or.eu\/fr\/portfolio_page\/nature-pouvoir\/\"  target=\"_self\"> Nature &amp; pouvoir<\/a><\/h5>\n\n\n                        \n                            <span class=\"project_category\"  >\n    D\u00e9veloppement durable    <\/span>\n\n                                    <\/div>\n            <\/div>\n\n            \n        <\/span>\n    <\/span>\n<\/span>\n            <\/div>\n                    \n    \n<\/article>\n<article class='mix portfolio_category_86 portfolio_category_85 portfolio_category_87 default' style=''>\n    \n    \n    \n                <div class='image_holder'>\n                <a itemprop='url' class='portfolio_link_for_touch' href='https:\/\/tres-or.eu\/fr\/portfolio_page\/edutales\/' target='_self'>\n                    \n<span class='image'><img loading=\"lazy\" decoding=\"async\" width=\"2048\" height=\"1367\" src=\"https:\/\/tres-or.eu\/wp-content\/uploads\/2025\/03\/edutales_screen.jpg\" class=\"attachment-full size-full wp-post-image\" alt=\"\" srcset=\"https:\/\/tres-or.eu\/wp-content\/uploads\/2025\/03\/edutales_screen.jpg 2048w, https:\/\/tres-or.eu\/wp-content\/uploads\/2025\/03\/edutales_screen-300x200.jpg 300w, https:\/\/tres-or.eu\/wp-content\/uploads\/2025\/03\/edutales_screen-1024x684.jpg 1024w, https:\/\/tres-or.eu\/wp-content\/uploads\/2025\/03\/edutales_screen-768x513.jpg 768w, https:\/\/tres-or.eu\/wp-content\/uploads\/2025\/03\/edutales_screen-1536x1025.jpg 1536w, https:\/\/tres-or.eu\/wp-content\/uploads\/2025\/03\/edutales_screen-700x467.jpg 700w\" sizes=\"(max-width: 2048px) 100vw, 2048px\" \/><\/span>                <\/a>\n\n                <span class='text_holder'>\n    <span class='text_outer'>\n        <span class='text_inner'>\n            <div class=\"hover_feature_holder_title\">\n                <div class=\"hover_feature_holder_title_inner\">\n                    \n                        \n    <h5 itemprop=\"name\" class=\"portfolio_title entry_title\"><a itemprop=\"url\" href=\"https:\/\/tres-or.eu\/fr\/portfolio_page\/edutales\/\"  target=\"_self\"> edutales<\/a><\/h5>\n\n\n                        \n                            <span class=\"project_category\"  >\n    Comp\u00e9tences num\u00e9riques, D\u00e9veloppement durable, Multilinguisme    <\/span>\n\n                                    <\/div>\n            <\/div>\n\n            \n        <\/span>\n    <\/span>\n<\/span>\n            <\/div>\n                    \n    \n<\/article>\n        <div class='filler'><\/div>\n            <div class='filler'><\/div>\n            <div class='filler'><\/div>\n        <\/div>\n\n    \n    <\/div>\t\t\t\t<\/div>\n\t\t\t\t<\/div>\n\t\t\t\t<\/div>\n\t\t\t\t<\/div>\n\t\t","protected":false},"excerpt":{"rendered":"<p>Outils Projets ant\u00e9rieurs All Demokratiebildung Digitale Kompetenzen Mehrsprachigkeit Nachhaltige Entwicklung edutales Digitale Kompetenzen, Mehrsprachigkeit, Nachhaltige Entwicklung Natur &#038; Macht Nachhaltige Entwicklung Europa, sagten Sie Europa? Demokratiebildung Der Europarat und ich Demokratiebildung<\/p>\n","protected":false},"author":2,"featured_media":0,"parent":0,"menu_order":0,"comment_status":"closed","ping_status":"closed","template":"full_width.php","meta":{"footnotes":""},"class_list":["post-11974","page","type-page","status-publish","hentry"],"_links":{"self":[{"href":"https:\/\/tres-or.eu\/fr\/wp-json\/wp\/v2\/pages\/11974","targetHints":{"allow":["GET"]}}],"collection":[{"href":"https:\/\/tres-or.eu\/fr\/wp-json\/wp\/v2\/pages"}],"about":[{"href":"https:\/\/tres-or.eu\/fr\/wp-json\/wp\/v2\/types\/page"}],"author":[{"embeddable":true,"href":"https:\/\/tres-or.eu\/fr\/wp-json\/wp\/v2\/users\/2"}],"replies":[{"embeddable":true,"href":"https:\/\/tres-or.eu\/fr\/wp-json\/wp\/v2\/comments?post=11974"}],"version-history":[{"count":6,"href":"https:\/\/tres-or.eu\/fr\/wp-json\/wp\/v2\/pages\/11974\/revisions"}],"predecessor-version":[{"id":12190,"href":"https:\/\/tres-or.eu\/fr\/wp-json\/wp\/v2\/pages\/11974\/revisions\/12190"}],"wp:attachment":[{"href":"https:\/\/tres-or.eu\/fr\/wp-json\/wp\/v2\/media?parent=11974"}],"curies":[{"name":"wp","href":"https:\/\/api.w.org\/{rel}","templated":true}]}}