{"id":11997,"date":"2024-11-13T08:40:00","date_gmt":"2024-11-13T07:40:00","guid":{"rendered":"https:\/\/tres-or.eu\/education-pour-une-culture-democratique\/"},"modified":"2026-01-23T16:36:56","modified_gmt":"2026-01-23T15:36:56","slug":"education-a-la-citoyennete","status":"publish","type":"page","link":"https:\/\/tres-or.eu\/fr\/education-a-la-citoyennete\/","title":{"rendered":"\u00c9ducation \u00e0 la citoyennet\u00e9"},"content":{"rendered":"\t\t<div data-elementor-type=\"wp-page\" data-elementor-id=\"11997\" class=\"elementor elementor-11997 elementor-10254\">\n\t\t\t\t<div class=\"elementor-element elementor-element-7d5195c e-con-full qode_elementor_container_inner e-flex parallax_section_no e-con e-parent\" data-id=\"7d5195c\" data-element_type=\"container\" data-e-type=\"container\">\n\t\t<div class=\"elementor-element elementor-element-75a18a7 e-con-full e-flex parallax_section_no qode_elementor_container_no e-con e-child\" data-id=\"75a18a7\" data-element_type=\"container\" data-e-type=\"container\" data-settings=\"{&quot;background_background&quot;:&quot;classic&quot;}\">\n\t\t<div class=\"elementor-element elementor-element-2bd0f61 e-con-full e-flex parallax_section_no qode_elementor_container_no e-con e-child\" data-id=\"2bd0f61\" data-element_type=\"container\" data-e-type=\"container\" data-settings=\"{&quot;background_background&quot;:&quot;classic&quot;}\">\n\t\t\t\t<div class=\"elementor-element elementor-element-c777167 elementor-widget elementor-widget-heading\" data-id=\"c777167\" data-element_type=\"widget\" data-e-type=\"widget\" data-widget_type=\"heading.default\">\n\t\t\t\t<div class=\"elementor-widget-container\">\n\t\t\t\t\t<h6 class=\"elementor-heading-title elementor-size-default\"><a href=\"https:\/\/tres-or.eu\/fr\/education-pour-les-competences-numeriques\/\">\u00c9ducation aux comp\u00e9tences num\u00e9riques<\/a><\/h6>\t\t\t\t<\/div>\n\t\t\t\t<\/div>\n\t\t\t\t<div class=\"elementor-element elementor-element-d9fd394 elementor-widget-divider--view-line elementor-widget elementor-widget-divider\" data-id=\"d9fd394\" data-element_type=\"widget\" data-e-type=\"widget\" data-widget_type=\"divider.default\">\n\t\t\t\t<div class=\"elementor-widget-container\">\n\t\t\t\t\t\t\t<div class=\"elementor-divider\">\n\t\t\t<span class=\"elementor-divider-separator\">\n\t\t\t\t\t\t<\/span>\n\t\t<\/div>\n\t\t\t\t\t\t<\/div>\n\t\t\t\t<\/div>\n\t\t\t\t<div class=\"elementor-element elementor-element-54a6641 elementor-widget elementor-widget-heading\" data-id=\"54a6641\" data-element_type=\"widget\" data-e-type=\"widget\" data-widget_type=\"heading.default\">\n\t\t\t\t<div class=\"elementor-widget-container\">\n\t\t\t\t\t<h6 class=\"elementor-heading-title elementor-size-default\"><a href=\"https:\/\/tres-or.eu\/fr\/education-au-developpement-durable\/\">\u00c9ducation au d\u00e9veloppement durable\n<\/a><\/h6>\t\t\t\t<\/div>\n\t\t\t\t<\/div>\n\t\t\t\t<div class=\"elementor-element elementor-element-b612a47 elementor-widget-divider--view-line elementor-widget elementor-widget-divider\" data-id=\"b612a47\" data-element_type=\"widget\" data-e-type=\"widget\" data-widget_type=\"divider.default\">\n\t\t\t\t<div class=\"elementor-widget-container\">\n\t\t\t\t\t\t\t<div class=\"elementor-divider\">\n\t\t\t<span class=\"elementor-divider-separator\">\n\t\t\t\t\t\t<\/span>\n\t\t<\/div>\n\t\t\t\t\t\t<\/div>\n\t\t\t\t<\/div>\n\t\t\t\t<div class=\"elementor-element elementor-element-137b6c4 elementor-widget elementor-widget-heading\" data-id=\"137b6c4\" data-element_type=\"widget\" data-e-type=\"widget\" data-widget_type=\"heading.default\">\n\t\t\t\t<div class=\"elementor-widget-container\">\n\t\t\t\t\t<h6 class=\"elementor-heading-title elementor-size-default\"><a href=\"https:\/\/tres-or.eu\/fr\/education-aux-competences-plurilingues-et-interculturelles\/\">\u00c9ducation aux comp\u00e9tences plurilingues et interculturelles<\/a><\/h6>\t\t\t\t<\/div>\n\t\t\t\t<\/div>\n\t\t\t\t<div class=\"elementor-element elementor-element-2a26d13 elementor-widget-divider--view-line elementor-widget elementor-widget-divider\" data-id=\"2a26d13\" data-element_type=\"widget\" data-e-type=\"widget\" data-widget_type=\"divider.default\">\n\t\t\t\t<div class=\"elementor-widget-container\">\n\t\t\t\t\t\t\t<div class=\"elementor-divider\">\n\t\t\t<span class=\"elementor-divider-separator\">\n\t\t\t\t\t\t<\/span>\n\t\t<\/div>\n\t\t\t\t\t\t<\/div>\n\t\t\t\t<\/div>\n\t\t\t\t<div class=\"elementor-element elementor-element-0b03282 elementor-widget elementor-widget-heading\" data-id=\"0b03282\" data-element_type=\"widget\" data-e-type=\"widget\" data-widget_type=\"heading.default\">\n\t\t\t\t<div class=\"elementor-widget-container\">\n\t\t\t\t\t<h6 class=\"elementor-heading-title elementor-size-default\"><a href=\"https:\/\/tres-or.eu\/fr\/mission\/\">Notre mission<\/a><\/h6>\t\t\t\t<\/div>\n\t\t\t\t<\/div>\n\t\t\t\t<\/div>\n\t\t<div class=\"elementor-element elementor-element-4fa3f7f e-flex e-con-boxed parallax_section_no qode_elementor_container_no e-con e-child\" data-id=\"4fa3f7f\" data-element_type=\"container\" data-e-type=\"container\">\n\t\t\t\t\t<div class=\"e-con-inner\">\n\t\t\t\t\t<\/div>\n\t\t\t\t<\/div>\n\t\t\t\t<\/div>\n\t\t<div class=\"elementor-element elementor-element-667db2d e-con-full e-flex parallax_section_no qode_elementor_container_no e-con e-child\" data-id=\"667db2d\" data-element_type=\"container\" data-e-type=\"container\">\n\t\t\t\t<div class=\"elementor-element elementor-element-1de6bd3 elementor-widget elementor-widget-bridge_accordion\" data-id=\"1de6bd3\" data-element_type=\"widget\" data-e-type=\"widget\" data-widget_type=\"bridge_accordion.default\">\n\t\t\t\t<div class=\"elementor-widget-container\">\n\t\t\t\t\t\n        <div class=\"qode-accordion-holder clearfix qode-accordion qode-initial \">\n            <h5 class=\"clearfix qode-title-holder\">\n<span class=\"qode-tab-title\">\n\t\t\t<span class=\"qode-tab-title-icon\">\n\t\t\t\t\t<\/span>\n\t    <span class=\"qode-tab-title-inner\">\n        Qu\u2019est-ce que l\u2019\u00e9ducation \u00e0 la citoyennet\u00e9 ?     <\/span>\n<\/span>\n<span class=\"qode-accordion-mark\">\n    <span class=\"qode-accordion-mark-icon\">\n        <span class=\"icon_plus\"><\/span>\n        <span class=\"icon_minus-06\"><\/span>\n    <\/span>\n<\/span>\n<\/h5>\n<div  class=\"qode-accordion-content \" style=\"background-image: url()\">\n    <div class=\"qode-accordion-content-inner\">\n        <p>Vivre ensemble de mani\u00e8re \u00e9galitaire dans des soci\u00e9t\u00e9s europ\u00e9ennes diff\u00e9rentes demande une bonne compr\u00e9hension de la culture d\u00e9mocratique.<br \/>Les jeunes doivent d\u00e9velopper des comp\u00e9tences qui combinent savoirs, savoir-faire, valeurs et attitudes.<\/p><p><img fetchpriority=\"high\" decoding=\"async\" class=\"aligncenter wp-image-12461 size-large\" src=\"https:\/\/tres-or.eu\/wp-content\/uploads\/2026\/01\/Competence-1024x779.jpg\" alt=\"\" width=\"1024\" height=\"779\" srcset=\"https:\/\/tres-or.eu\/wp-content\/uploads\/2026\/01\/Competence-1024x779.jpg 1024w, https:\/\/tres-or.eu\/wp-content\/uploads\/2026\/01\/Competence-300x228.jpg 300w, https:\/\/tres-or.eu\/wp-content\/uploads\/2026\/01\/Competence-768x584.jpg 768w, https:\/\/tres-or.eu\/wp-content\/uploads\/2026\/01\/Competence-500x380.jpg 500w, https:\/\/tres-or.eu\/wp-content\/uploads\/2026\/01\/Competence-700x532.jpg 700w, https:\/\/tres-or.eu\/wp-content\/uploads\/2026\/01\/Competence.jpg 1390w\" sizes=\"(max-width: 1024px) 100vw, 1024px\" \/><\/p><p>Dans la case <strong>Aptitudes<\/strong> il faudrait supprimer une ligne qui est en Anglais : \u00ab\u00a0Linguistic, communicative and plurilingual skills\u00a0\u00bb) -&gt; \u00e0 faire remonter \u00e0 Katharina Schell<\/p><p>L\u2019\u00e9ducation \u00e0 la citoyennet\u00e9 concerne tous les aspects de la vie scolaire et chaque mati\u00e8re.<br \/>C\u2019est pourquoi les outils du projet Tres\u2019OR sont bas\u00e9s sur des th\u00e8mes concrets et des projets.<\/p><p>Les jeunes doivent apprendre \u00e0 devenir des citoyens actifs, capables et motiv\u00e9s \u00e0 participer \u00e0 la soci\u00e9t\u00e9 et \u00e0 d\u00e9fendre les valeurs d\u00e9mocratiques.<\/p><p>Cette \u00e9ducation les pr\u00e9pare \u00e0 la vie en soci\u00e9t\u00e9, au monde du travail et au monde num\u00e9rique, o\u00f9 il est essentiel de r\u00e9fl\u00e9chir et d\u2019agir selon les valeurs d\u00e9mocratiques.<\/p>    <\/div>\n<\/div><h5 class=\"clearfix qode-title-holder\">\n<span class=\"qode-tab-title\">\n\t\t\t<span class=\"qode-tab-title-icon\">\n\t\t\t\t\t<\/span>\n\t    <span class=\"qode-tab-title-inner\">\n        Pourquoi l&#039;\u00e9ducation est-elle importante pour la citoyennet\u00e9 et les valeurs d\u00e9mocratiques ?     <\/span>\n<\/span>\n<span class=\"qode-accordion-mark\">\n    <span class=\"qode-accordion-mark-icon\">\n        <span class=\"icon_plus\"><\/span>\n        <span class=\"icon_minus-06\"><\/span>\n    <\/span>\n<\/span>\n<\/h5>\n<div  class=\"qode-accordion-content \" style=\"background-image: url()\">\n    <div class=\"qode-accordion-content-inner\">\n        <p>Les \u00e9v\u00e9nements r\u00e9cents en Europe et dans le monde montrent que la d\u00e9mocratie n\u2019est pas acquise.<\/p><p>L\u2019\u00e9ducation \u00e0 la citoyennet\u00e9 doit aider les jeunes \u00e0 comprendre l\u2019histoire de la construction europ\u00e9enne, notamment l\u2019Union europ\u00e9enne et le Conseil de l\u2019Europe, ainsi que les valeurs d\u00e9mocratiques qui ont permis la paix et la libert\u00e9 apr\u00e8s les deux guerres mondiales et les dictatures.<\/p><p>Dans notre r\u00e9gion frontali\u00e8re, il est essentiel de former les jeunes \u00e0 d\u00e9fendre activement ces valeurs et \u00e0 s\u2019engager pour l\u2019avenir de l\u2019Europe.<\/p>    <\/div>\n<\/div><h5 class=\"clearfix qode-title-holder\">\n<span class=\"qode-tab-title\">\n\t\t\t<span class=\"qode-tab-title-icon\">\n\t\t\t\t\t<\/span>\n\t    <span class=\"qode-tab-title-inner\">\n        Comment Tres&#039;OR s&#039;occupe-t-il de l&#039;\u00e9ducation \u00e0 la citoyennet\u00e9 et aux valeurs d\u00e9mocratiques ?     <\/span>\n<\/span>\n<span class=\"qode-accordion-mark\">\n    <span class=\"qode-accordion-mark-icon\">\n        <span class=\"icon_plus\"><\/span>\n        <span class=\"icon_minus-06\"><\/span>\n    <\/span>\n<\/span>\n<\/h5>\n<div  class=\"qode-accordion-content \" style=\"background-image: url()\">\n    <div class=\"qode-accordion-content-inner\">\n        <p>Tres'OR ne d\u00e9veloppera pas de formats p\u00e9dagogiques pour l'\u00e9ducation \u00e0 la d\u00e9mocratie au sens de l'\u00e9ducation politique classique. \u00c0 la place, des supports p\u00e9dagogiques seront cr\u00e9\u00e9s avec des sc\u00e9narios, des t\u00e2ches et des projets o\u00f9 les \u00e9l\u00e8ves agissent et r\u00e9fl\u00e9chissent autour de la d\u00e9mocratie.<\/p><p>Ils apprendront \u00e0 prendre des d\u00e9cisions ensemble, m\u00eame en cas de d\u00e9saccord, et d\u00e9velopperont des comp\u00e9tences cl\u00e9s : faire des compromis, respecter les diff\u00e9rences culturelles, g\u00e9rer les situations complexes et exprimer leurs id\u00e9es clairement et avec respect.<\/p><p>L\u2019objectif est d\u2019aider les enfants et les jeunes \u00e0 devenir des citoyens actifs et responsables dans la r\u00e9gion du Rhin sup\u00e9rieur et en Europe.<br \/>Des outils et des ressources pour des projets transfrontaliers et des formations pour les enseignants seront \u00e9galement propos\u00e9s.<\/p>    <\/div>\n<\/div>        <\/div>\n\n        \t\t\t\t<\/div>\n\t\t\t\t<\/div>\n\t\t\t\t<\/div>\n\t\t\t\t<\/div>\n\t\t<div class=\"elementor-element elementor-element-463facba e-con-full e-flex parallax_section_no qode_elementor_container_no e-con e-parent\" data-id=\"463facba\" data-element_type=\"container\" data-e-type=\"container\" data-settings=\"{&quot;background_background&quot;:&quot;classic&quot;}\">\n\t\t<div class=\"elementor-element elementor-element-40428827 e-con-full e-flex parallax_section_no qode_elementor_container_no e-con e-child\" data-id=\"40428827\" data-element_type=\"container\" data-e-type=\"container\">\n\t\t\t\t<div class=\"elementor-element elementor-element-25e437d1 elementor-widget elementor-widget-bridge_icon\" data-id=\"25e437d1\" data-element_type=\"widget\" data-e-type=\"widget\" data-widget_type=\"bridge_icon.default\">\n\t\t\t\t<div class=\"elementor-widget-container\">\n\t\t\t\t\t<span data-type=\"normal\"  class=\"qode_icon_shortcode  q_font_awsome_icon fa-lg pull-left \" style=\" \"><span aria-hidden=\"true\" class=\"qode_icon_font_elegant icon_circle-empty qode_icon_element\" style=\"font-size: 12px;color: #1B3942;\" ><\/span><\/span>\t\t\t\t<\/div>\n\t\t\t\t<\/div>\n\t\t\t\t<div class=\"elementor-element elementor-element-2499ca8 elementor-widget elementor-widget-bridge_custom_font\" data-id=\"2499ca8\" data-element_type=\"widget\" data-e-type=\"widget\" data-widget_type=\"bridge_custom_font.default\">\n\t\t\t\t<div class=\"elementor-widget-container\">\n\t\t\t\t\t<div class=\"custom_font_holder \" style=\"font-family: Source Sans Pro; font-style: normal; font-weight: 600; color: #1B3942; text-decoration: none; letter-spacing: 1.728px; text-align: left; --qode-cf-font-size: 15px; --qode-cf-line-height: 22px; --qode-cf-font-size-1440: 15px; --qode-cf-line-height-1440: 22px; --qode-cf-font-size-1366: 15px; --qode-cf-line-height-1366: 22px; --qode-cf-font-size-1280: 15px; --qode-cf-line-height-1280: 22px; --qode-cf-font-size-1024: 15px; --qode-cf-line-height-1024: 22px; --qode-cf-font-size-768: 15px; --qode-cf-line-height-768: 22px; --qode-cf-font-size-680: 15px; --qode-cf-line-height-680: 22px; --qode-cf-font-size-480: 15px; --qode-cf-line-height-480: 22px;\">NEWSLETTER<\/div>\t\t\t\t<\/div>\n\t\t\t\t<\/div>\n\t\t\t\t<\/div>\n\t\t<div class=\"elementor-element elementor-element-1dd3771e e-con-full e-flex parallax_section_no qode_elementor_container_no e-con e-child\" data-id=\"1dd3771e\" data-element_type=\"container\" data-e-type=\"container\">\n\t\t\t\t<div class=\"elementor-element elementor-element-7947ef38 elementor-widget__width-initial elementor-widget elementor-widget-heading\" data-id=\"7947ef38\" data-element_type=\"widget\" data-e-type=\"widget\" data-widget_type=\"heading.default\">\n\t\t\t\t<div class=\"elementor-widget-container\">\n\t\t\t\t\t<h3 class=\"elementor-heading-title elementor-size-default\">Abonnez-vous \u00e0 notre bulletin d'information pour rester constamment inform\u00e9 !<\/h3>\t\t\t\t<\/div>\n\t\t\t\t<\/div>\n\t\t\t\t<div class=\"elementor-element elementor-element-1fe7b18e elementor-widget__width-initial elementor-widget elementor-widget-bridge_cf_7\" data-id=\"1fe7b18e\" data-element_type=\"widget\" data-e-type=\"widget\" data-widget_type=\"bridge_cf_7.default\">\n\t\t\t\t<div class=\"elementor-widget-container\">\n\t\t\t\t\t    <div class=\"qode-contact-form-7 qode-contact-form-7-0\">\n    \n<div class=\"wpcf7 no-js\" id=\"wpcf7-f7950-o1\" lang=\"de-DE\" dir=\"ltr\" data-wpcf7-id=\"7950\">\n<div class=\"screen-reader-response\"><p role=\"status\" aria-live=\"polite\" aria-atomic=\"true\"><\/p> <ul><\/ul><\/div>\n<form action=\"\/fr\/wp-json\/wp\/v2\/pages\/11997#wpcf7-f7950-o1\" method=\"post\" class=\"wpcf7-form init cf7_custom_style_1\" aria-label=\"Kontaktformular\" novalidate=\"novalidate\" data-status=\"init\">\n<fieldset class=\"hidden-fields-container\"><input type=\"hidden\" name=\"_wpcf7\" value=\"7950\" \/><input type=\"hidden\" name=\"_wpcf7_version\" value=\"6.1.5\" \/><input type=\"hidden\" name=\"_wpcf7_locale\" value=\"de_DE\" \/><input type=\"hidden\" name=\"_wpcf7_unit_tag\" value=\"wpcf7-f7950-o1\" \/><input type=\"hidden\" name=\"_wpcf7_container_post\" value=\"0\" \/><input type=\"hidden\" name=\"_wpcf7_posted_data_hash\" value=\"\" \/>\n<\/fieldset>\n<div class=\"qode-cf7-newsletter\">\n<span class=\"wpcf7-form-control-wrap\" data-name=\"your-email\"><input size=\"40\" maxlength=\"400\" class=\"wpcf7-form-control wpcf7-email wpcf7-validates-as-required wpcf7-text wpcf7-validates-as-email\" aria-required=\"true\" aria-invalid=\"false\" placeholder=\"Email\" value=\"\" type=\"email\" name=\"your-email\" \/><\/span>\n<input class=\"wpcf7-form-control wpcf7-submit has-spinner\" type=\"submit\" value=\"Subscribe\" \/>\n<\/div><div class=\"wpcf7-response-output\" aria-hidden=\"true\"><\/div>\n<\/form>\n<\/div>\n    <\/div>\n\t\t\t\t<\/div>\n\t\t\t\t<\/div>\n\t\t\t\t<\/div>\n\t\t\t\t<\/div>\n\t\t\t\t<\/div>\n\t\t","protected":false},"excerpt":{"rendered":"<p>\u00c9ducation aux comp\u00e9tences num\u00e9riques \u00c9ducation au d\u00e9veloppement durable \u00c9ducation aux comp\u00e9tences plurilingues et interculturelles Notre mission Qu\u2019est-ce que l\u2019\u00e9ducation \u00e0 la citoyennet\u00e9 ? Vivre ensemble de mani\u00e8re \u00e9galitaire dans des soci\u00e9t\u00e9s europ\u00e9ennes diff\u00e9rentes demande une bonne compr\u00e9hension de la culture d\u00e9mocratique.Les jeunes doivent d\u00e9velopper des&#8230;<\/p>\n","protected":false},"author":2,"featured_media":0,"parent":0,"menu_order":0,"comment_status":"closed","ping_status":"closed","template":"full_width.php","meta":{"footnotes":""},"class_list":["post-11997","page","type-page","status-publish","hentry"],"_links":{"self":[{"href":"https:\/\/tres-or.eu\/fr\/wp-json\/wp\/v2\/pages\/11997","targetHints":{"allow":["GET"]}}],"collection":[{"href":"https:\/\/tres-or.eu\/fr\/wp-json\/wp\/v2\/pages"}],"about":[{"href":"https:\/\/tres-or.eu\/fr\/wp-json\/wp\/v2\/types\/page"}],"author":[{"embeddable":true,"href":"https:\/\/tres-or.eu\/fr\/wp-json\/wp\/v2\/users\/2"}],"replies":[{"embeddable":true,"href":"https:\/\/tres-or.eu\/fr\/wp-json\/wp\/v2\/comments?post=11997"}],"version-history":[{"count":25,"href":"https:\/\/tres-or.eu\/fr\/wp-json\/wp\/v2\/pages\/11997\/revisions"}],"predecessor-version":[{"id":12466,"href":"https:\/\/tres-or.eu\/fr\/wp-json\/wp\/v2\/pages\/11997\/revisions\/12466"}],"wp:attachment":[{"href":"https:\/\/tres-or.eu\/fr\/wp-json\/wp\/v2\/media?parent=11997"}],"curies":[{"name":"wp","href":"https:\/\/api.w.org\/{rel}","templated":true}]}}