{"id":12000,"date":"2024-11-13T08:42:47","date_gmt":"2024-11-13T07:42:47","guid":{"rendered":"https:\/\/tres-or.eu\/education-aux-competences-plurilingues-et-interculturelles\/"},"modified":"2026-01-23T16:44:15","modified_gmt":"2026-01-23T15:44:15","slug":"education-aux-competences-plurilingues-et-interculturelles","status":"publish","type":"page","link":"https:\/\/tres-or.eu\/fr\/education-aux-competences-plurilingues-et-interculturelles\/","title":{"rendered":"\u00c9ducation aux comp\u00e9tences plurilingues et interculturelles"},"content":{"rendered":"\t\t<div data-elementor-type=\"wp-page\" data-elementor-id=\"12000\" class=\"elementor elementor-12000 elementor-10257\">\n\t\t\t\t<div class=\"elementor-element elementor-element-7d5195c e-con-full qode_elementor_container_inner e-flex parallax_section_no e-con e-parent\" data-id=\"7d5195c\" data-element_type=\"container\" data-e-type=\"container\">\n\t\t<div class=\"elementor-element elementor-element-75a18a7 e-con-full e-flex parallax_section_no qode_elementor_container_no e-con e-child\" data-id=\"75a18a7\" data-element_type=\"container\" data-e-type=\"container\" data-settings=\"{&quot;background_background&quot;:&quot;classic&quot;}\">\n\t\t<div class=\"elementor-element elementor-element-2bd0f61 e-con-full e-flex parallax_section_no qode_elementor_container_no e-con e-child\" data-id=\"2bd0f61\" data-element_type=\"container\" data-e-type=\"container\" data-settings=\"{&quot;background_background&quot;:&quot;classic&quot;}\">\n\t\t\t\t<div class=\"elementor-element elementor-element-c777167 elementor-widget elementor-widget-heading\" data-id=\"c777167\" data-element_type=\"widget\" data-e-type=\"widget\" data-widget_type=\"heading.default\">\n\t\t\t\t<div class=\"elementor-widget-container\">\n\t\t\t\t\t<h6 class=\"elementor-heading-title elementor-size-default\"><a href=\"https:\/\/tres-or.eu\/fr\/education-pour-une-culture-democratique\/\">L'\u00e9ducation pour une culture d\u00e9mocratique.<\/a><\/h6>\t\t\t\t<\/div>\n\t\t\t\t<\/div>\n\t\t\t\t<div class=\"elementor-element elementor-element-e766121 elementor-widget-divider--view-line elementor-widget elementor-widget-divider\" data-id=\"e766121\" data-element_type=\"widget\" data-e-type=\"widget\" data-widget_type=\"divider.default\">\n\t\t\t\t<div class=\"elementor-widget-container\">\n\t\t\t\t\t\t\t<div class=\"elementor-divider\">\n\t\t\t<span class=\"elementor-divider-separator\">\n\t\t\t\t\t\t<\/span>\n\t\t<\/div>\n\t\t\t\t\t\t<\/div>\n\t\t\t\t<\/div>\n\t\t\t\t<div class=\"elementor-element elementor-element-54a6641 elementor-widget elementor-widget-heading\" data-id=\"54a6641\" data-element_type=\"widget\" data-e-type=\"widget\" data-widget_type=\"heading.default\">\n\t\t\t\t<div class=\"elementor-widget-container\">\n\t\t\t\t\t<h6 class=\"elementor-heading-title elementor-size-default\"><a href=\"https:\/\/tres-or.eu\/fr\/education-pour-les-competences-numeriques\/\">\u00c9ducation aux comp\u00e9tences num\u00e9riques<\/a><\/h6>\t\t\t\t<\/div>\n\t\t\t\t<\/div>\n\t\t\t\t<div class=\"elementor-element elementor-element-6219d3f elementor-widget-divider--view-line elementor-widget elementor-widget-divider\" data-id=\"6219d3f\" data-element_type=\"widget\" data-e-type=\"widget\" data-widget_type=\"divider.default\">\n\t\t\t\t<div class=\"elementor-widget-container\">\n\t\t\t\t\t\t\t<div class=\"elementor-divider\">\n\t\t\t<span class=\"elementor-divider-separator\">\n\t\t\t\t\t\t<\/span>\n\t\t<\/div>\n\t\t\t\t\t\t<\/div>\n\t\t\t\t<\/div>\n\t\t\t\t<div class=\"elementor-element elementor-element-137b6c4 elementor-widget elementor-widget-heading\" data-id=\"137b6c4\" data-element_type=\"widget\" data-e-type=\"widget\" data-widget_type=\"heading.default\">\n\t\t\t\t<div class=\"elementor-widget-container\">\n\t\t\t\t\t<h6 class=\"elementor-heading-title elementor-size-default\"><a href=\"https:\/\/tres-or.eu\/fr\/education-au-developpement-durable\/\">\u00c9ducation au d\u00e9veloppement durable<\/a><\/h6>\t\t\t\t<\/div>\n\t\t\t\t<\/div>\n\t\t\t\t<div class=\"elementor-element elementor-element-f722f9d elementor-widget-divider--view-line elementor-widget elementor-widget-divider\" data-id=\"f722f9d\" data-element_type=\"widget\" data-e-type=\"widget\" data-widget_type=\"divider.default\">\n\t\t\t\t<div class=\"elementor-widget-container\">\n\t\t\t\t\t\t\t<div class=\"elementor-divider\">\n\t\t\t<span class=\"elementor-divider-separator\">\n\t\t\t\t\t\t<\/span>\n\t\t<\/div>\n\t\t\t\t\t\t<\/div>\n\t\t\t\t<\/div>\n\t\t\t\t<div class=\"elementor-element elementor-element-8e5c5b9 elementor-widget elementor-widget-heading\" data-id=\"8e5c5b9\" data-element_type=\"widget\" data-e-type=\"widget\" data-widget_type=\"heading.default\">\n\t\t\t\t<div class=\"elementor-widget-container\">\n\t\t\t\t\t<h6 class=\"elementor-heading-title elementor-size-default\"><a href=\"https:\/\/tres-or.eu\/fr\/mission\/\">Notre mission<\/a><\/h6>\t\t\t\t<\/div>\n\t\t\t\t<\/div>\n\t\t\t\t<\/div>\n\t\t<div class=\"elementor-element elementor-element-4fa3f7f e-flex e-con-boxed parallax_section_no qode_elementor_container_no e-con e-child\" data-id=\"4fa3f7f\" data-element_type=\"container\" data-e-type=\"container\">\n\t\t\t\t\t<div class=\"e-con-inner\">\n\t\t\t\t\t<\/div>\n\t\t\t\t<\/div>\n\t\t\t\t<\/div>\n\t\t<div class=\"elementor-element elementor-element-667db2d e-con-full e-flex parallax_section_no qode_elementor_container_no e-con e-child\" data-id=\"667db2d\" data-element_type=\"container\" data-e-type=\"container\">\n\t\t\t\t<div class=\"elementor-element elementor-element-1de6bd3 elementor-widget elementor-widget-bridge_accordion\" data-id=\"1de6bd3\" data-element_type=\"widget\" data-e-type=\"widget\" data-widget_type=\"bridge_accordion.default\">\n\t\t\t\t<div class=\"elementor-widget-container\">\n\t\t\t\t\t\n        <div class=\"qode-accordion-holder clearfix qode-accordion qode-initial \">\n            <h5 class=\"clearfix qode-title-holder\">\n<span class=\"qode-tab-title\">\n\t\t\t<span class=\"qode-tab-title-icon\">\n\t\t\t\t\t<\/span>\n\t    <span class=\"qode-tab-title-inner\">\n        Qu\u2019est-ce que l\u2019\u00e9ducation aux comp\u00e9tences plurilingues et interculturelles ?    <\/span>\n<\/span>\n<span class=\"qode-accordion-mark\">\n    <span class=\"qode-accordion-mark-icon\">\n        <span class=\"icon_plus\"><\/span>\n        <span class=\"icon_minus-06\"><\/span>\n    <\/span>\n<\/span>\n<\/h5>\n<div  class=\"qode-accordion-content \" style=\"background-image: url()\">\n    <div class=\"qode-accordion-content-inner\">\n        <p>C\u2019est apprendre aux \u00e9l\u00e8ves \u00e0 \u00e9voluer avec respect et aisance dans des contextes culturels et linguistiques diff\u00e9rents.<br \/>Cela ne se limite pas \u00e0 apprendre des langues : il s\u2019agit aussi de comprendre d\u2019autres cultures, d\u2019accepter des points de vue diff\u00e9rents, et de savoir s\u2019adapter.<br \/>Ces comp\u00e9tences d\u00e9veloppent l\u2019empathie, l\u2019ouverture d\u2019esprit et favorisent la vie ensemble dans une soci\u00e9t\u00e9 diverse.<\/p>    <\/div>\n<\/div><h5 class=\"clearfix qode-title-holder\">\n<span class=\"qode-tab-title\">\n\t\t\t<span class=\"qode-tab-title-icon\">\n\t\t\t\t\t<\/span>\n\t    <span class=\"qode-tab-title-inner\">\n        Pourquoi est-ce important ?    <\/span>\n<\/span>\n<span class=\"qode-accordion-mark\">\n    <span class=\"qode-accordion-mark-icon\">\n        <span class=\"icon_plus\"><\/span>\n        <span class=\"icon_minus-06\"><\/span>\n    <\/span>\n<\/span>\n<\/h5>\n<div  class=\"qode-accordion-content \" style=\"background-image: url()\">\n    <div class=\"qode-accordion-content-inner\">\n        <p>Dans un monde connect\u00e9, savoir parler plusieurs langues et comprendre diff\u00e9rentes cultures est essentiel :<\/p><ul><li>pour travailler \u00e0 l\u2019international,<\/li><li>pour bien vivre dans une soci\u00e9t\u00e9 multiculturelle,<\/li><li>pour d\u00e9passer les pr\u00e9jug\u00e9s et renforcer le respect mutuel.<\/li><\/ul><p>Dans la r\u00e9gion du Rhin sup\u00e9rieur, o\u00f9 plusieurs pays se rencontrent, ces comp\u00e9tences sont essentielles pour mieux se comprendre et construire une identit\u00e9 commune dans la diversit\u00e9.<\/p>    <\/div>\n<\/div><h5 class=\"clearfix qode-title-holder\">\n<span class=\"qode-tab-title\">\n\t\t\t<span class=\"qode-tab-title-icon\">\n\t\t\t\t\t<\/span>\n\t    <span class=\"qode-tab-title-inner\">\n        Que fait Tres\u2019OR ?    <\/span>\n<\/span>\n<span class=\"qode-accordion-mark\">\n    <span class=\"qode-accordion-mark-icon\">\n        <span class=\"icon_plus\"><\/span>\n        <span class=\"icon_minus-06\"><\/span>\n    <\/span>\n<\/span>\n<\/h5>\n<div  class=\"qode-accordion-content \" style=\"background-image: url()\">\n    <div class=\"qode-accordion-content-inner\">\n        <p>Tres\u2019OR propose des projets et des ressources p\u00e9dagogiques pour aider les \u00e9l\u00e8ves \u00e0 apprendre plusieurs langues et \u00e0 d\u00e9couvrir d\u2019autres cultures.<br \/>La diversit\u00e9 est per\u00e7ue comme une richesse.<\/p><p>Le projet offre aussi des formations aux enseignants pour les aider \u00e0 int\u00e9grer ces sujets dans leurs cours et \u00e0 cr\u00e9er un climat de respect et d\u2019ouverture.<\/p><p>Ainsi, Tres\u2019OR aide les jeunes de la r\u00e9gion du Rhin sup\u00e9rieur \u00e0 devenir des citoyens curieux, ouverts sur le monde, et fiers de la diversit\u00e9 linguistique et culturelle de leur r\u00e9gion.<\/p>    <\/div>\n<\/div>        <\/div>\n\n        \t\t\t\t<\/div>\n\t\t\t\t<\/div>\n\t\t\t\t<\/div>\n\t\t\t\t<\/div>\n\t\t<div class=\"elementor-element elementor-element-463facba e-con-full e-flex parallax_section_no qode_elementor_container_no e-con e-parent\" data-id=\"463facba\" data-element_type=\"container\" data-e-type=\"container\" data-settings=\"{&quot;background_background&quot;:&quot;classic&quot;}\">\n\t\t<div class=\"elementor-element elementor-element-40428827 e-con-full e-flex parallax_section_no qode_elementor_container_no e-con e-child\" data-id=\"40428827\" data-element_type=\"container\" data-e-type=\"container\">\n\t\t\t\t<div class=\"elementor-element elementor-element-25e437d1 elementor-widget elementor-widget-bridge_icon\" data-id=\"25e437d1\" data-element_type=\"widget\" data-e-type=\"widget\" data-widget_type=\"bridge_icon.default\">\n\t\t\t\t<div class=\"elementor-widget-container\">\n\t\t\t\t\t<span data-type=\"normal\"  class=\"qode_icon_shortcode  q_font_awsome_icon fa-lg pull-left \" style=\" \"><span aria-hidden=\"true\" class=\"qode_icon_font_elegant icon_circle-empty qode_icon_element\" style=\"font-size: 12px;color: #1B3942;\" ><\/span><\/span>\t\t\t\t<\/div>\n\t\t\t\t<\/div>\n\t\t\t\t<div class=\"elementor-element elementor-element-2499ca8 elementor-widget elementor-widget-bridge_custom_font\" data-id=\"2499ca8\" data-element_type=\"widget\" data-e-type=\"widget\" data-widget_type=\"bridge_custom_font.default\">\n\t\t\t\t<div class=\"elementor-widget-container\">\n\t\t\t\t\t<div class=\"custom_font_holder \" style=\"font-family: Source Sans Pro; font-style: normal; font-weight: 600; color: #1B3942; text-decoration: none; letter-spacing: 1.728px; text-align: left; --qode-cf-font-size: 15px; --qode-cf-line-height: 22px; --qode-cf-font-size-1440: 15px; --qode-cf-line-height-1440: 22px; --qode-cf-font-size-1366: 15px; --qode-cf-line-height-1366: 22px; --qode-cf-font-size-1280: 15px; --qode-cf-line-height-1280: 22px; --qode-cf-font-size-1024: 15px; --qode-cf-line-height-1024: 22px; --qode-cf-font-size-768: 15px; --qode-cf-line-height-768: 22px; --qode-cf-font-size-680: 15px; --qode-cf-line-height-680: 22px; --qode-cf-font-size-480: 15px; --qode-cf-line-height-480: 22px;\">NEWSLETTER<\/div>\t\t\t\t<\/div>\n\t\t\t\t<\/div>\n\t\t\t\t<\/div>\n\t\t<div class=\"elementor-element elementor-element-1dd3771e e-con-full e-flex parallax_section_no qode_elementor_container_no e-con e-child\" data-id=\"1dd3771e\" data-element_type=\"container\" data-e-type=\"container\">\n\t\t\t\t<div class=\"elementor-element elementor-element-7947ef38 elementor-widget__width-initial elementor-widget elementor-widget-heading\" data-id=\"7947ef38\" data-element_type=\"widget\" data-e-type=\"widget\" data-widget_type=\"heading.default\">\n\t\t\t\t<div class=\"elementor-widget-container\">\n\t\t\t\t\t<h3 class=\"elementor-heading-title elementor-size-default\">Abonnez-vous \u00e0 notre newsletter et soyez toujours au courant des derni\u00e8res nouvelles !<\/h3>\t\t\t\t<\/div>\n\t\t\t\t<\/div>\n\t\t\t\t<div class=\"elementor-element elementor-element-1fe7b18e elementor-widget__width-initial elementor-widget elementor-widget-bridge_cf_7\" data-id=\"1fe7b18e\" data-element_type=\"widget\" data-e-type=\"widget\" data-widget_type=\"bridge_cf_7.default\">\n\t\t\t\t<div class=\"elementor-widget-container\">\n\t\t\t\t\t    <div class=\"qode-contact-form-7 qode-contact-form-7-0\">\n    \n<div class=\"wpcf7 no-js\" id=\"wpcf7-f7950-o1\" lang=\"de-DE\" dir=\"ltr\" data-wpcf7-id=\"7950\">\n<div class=\"screen-reader-response\"><p role=\"status\" aria-live=\"polite\" aria-atomic=\"true\"><\/p> <ul><\/ul><\/div>\n<form action=\"\/fr\/wp-json\/wp\/v2\/pages\/12000#wpcf7-f7950-o1\" method=\"post\" class=\"wpcf7-form init cf7_custom_style_1\" aria-label=\"Kontaktformular\" novalidate=\"novalidate\" data-status=\"init\">\n<fieldset class=\"hidden-fields-container\"><input type=\"hidden\" name=\"_wpcf7\" value=\"7950\" \/><input type=\"hidden\" name=\"_wpcf7_version\" value=\"6.1.5\" \/><input type=\"hidden\" name=\"_wpcf7_locale\" value=\"de_DE\" \/><input type=\"hidden\" name=\"_wpcf7_unit_tag\" value=\"wpcf7-f7950-o1\" \/><input type=\"hidden\" name=\"_wpcf7_container_post\" value=\"0\" \/><input type=\"hidden\" name=\"_wpcf7_posted_data_hash\" value=\"\" \/>\n<\/fieldset>\n<div class=\"qode-cf7-newsletter\">\n<span class=\"wpcf7-form-control-wrap\" data-name=\"your-email\"><input size=\"40\" maxlength=\"400\" class=\"wpcf7-form-control wpcf7-email wpcf7-validates-as-required wpcf7-text wpcf7-validates-as-email\" aria-required=\"true\" aria-invalid=\"false\" placeholder=\"Email\" value=\"\" type=\"email\" name=\"your-email\" \/><\/span>\n<input class=\"wpcf7-form-control wpcf7-submit has-spinner\" type=\"submit\" value=\"Subscribe\" \/>\n<\/div><div class=\"wpcf7-response-output\" aria-hidden=\"true\"><\/div>\n<\/form>\n<\/div>\n    <\/div>\n\t\t\t\t<\/div>\n\t\t\t\t<\/div>\n\t\t\t\t<\/div>\n\t\t\t\t<\/div>\n\t\t\t\t<\/div>\n\t\t","protected":false},"excerpt":{"rendered":"<p>L&rsquo;\u00e9ducation pour une culture d\u00e9mocratique. \u00c9ducation aux comp\u00e9tences num\u00e9riques \u00c9ducation au d\u00e9veloppement durable Notre mission Qu\u2019est-ce que l\u2019\u00e9ducation aux comp\u00e9tences plurilingues et interculturelles ? C\u2019est apprendre aux \u00e9l\u00e8ves \u00e0 \u00e9voluer avec respect et aisance dans des contextes culturels et linguistiques diff\u00e9rents.Cela ne se limite pas&#8230;<\/p>\n","protected":false},"author":2,"featured_media":0,"parent":0,"menu_order":0,"comment_status":"closed","ping_status":"closed","template":"full_width.php","meta":{"footnotes":""},"class_list":["post-12000","page","type-page","status-publish","hentry"],"_links":{"self":[{"href":"https:\/\/tres-or.eu\/fr\/wp-json\/wp\/v2\/pages\/12000","targetHints":{"allow":["GET"]}}],"collection":[{"href":"https:\/\/tres-or.eu\/fr\/wp-json\/wp\/v2\/pages"}],"about":[{"href":"https:\/\/tres-or.eu\/fr\/wp-json\/wp\/v2\/types\/page"}],"author":[{"embeddable":true,"href":"https:\/\/tres-or.eu\/fr\/wp-json\/wp\/v2\/users\/2"}],"replies":[{"embeddable":true,"href":"https:\/\/tres-or.eu\/fr\/wp-json\/wp\/v2\/comments?post=12000"}],"version-history":[{"count":12,"href":"https:\/\/tres-or.eu\/fr\/wp-json\/wp\/v2\/pages\/12000\/revisions"}],"predecessor-version":[{"id":12475,"href":"https:\/\/tres-or.eu\/fr\/wp-json\/wp\/v2\/pages\/12000\/revisions\/12475"}],"wp:attachment":[{"href":"https:\/\/tres-or.eu\/fr\/wp-json\/wp\/v2\/media?parent=12000"}],"curies":[{"name":"wp","href":"https:\/\/api.w.org\/{rel}","templated":true}]}}