{"id":12003,"date":"2024-11-13T08:41:33","date_gmt":"2024-11-13T07:41:33","guid":{"rendered":"https:\/\/tres-or.eu\/education-au-developpement-durable\/"},"modified":"2026-01-23T16:41:50","modified_gmt":"2026-01-23T15:41:50","slug":"education-au-developpement-durable","status":"publish","type":"page","link":"https:\/\/tres-or.eu\/fr\/education-au-developpement-durable\/","title":{"rendered":"\u00c9ducation au d\u00e9veloppement durable"},"content":{"rendered":"\t\t<div data-elementor-type=\"wp-page\" data-elementor-id=\"12003\" class=\"elementor elementor-12003 elementor-10256\">\n\t\t\t\t<div class=\"elementor-element elementor-element-7d5195c e-con-full qode_elementor_container_inner e-flex parallax_section_no e-con e-parent\" data-id=\"7d5195c\" data-element_type=\"container\" data-e-type=\"container\">\n\t\t<div class=\"elementor-element elementor-element-75a18a7 e-con-full e-flex parallax_section_no qode_elementor_container_no e-con e-child\" data-id=\"75a18a7\" data-element_type=\"container\" data-e-type=\"container\" data-settings=\"{&quot;background_background&quot;:&quot;classic&quot;}\">\n\t\t<div class=\"elementor-element elementor-element-2bd0f61 e-con-full e-flex parallax_section_no qode_elementor_container_no e-con e-child\" data-id=\"2bd0f61\" data-element_type=\"container\" data-e-type=\"container\" data-settings=\"{&quot;background_background&quot;:&quot;classic&quot;}\">\n\t\t\t\t<div class=\"elementor-element elementor-element-c777167 elementor-widget elementor-widget-heading\" data-id=\"c777167\" data-element_type=\"widget\" data-e-type=\"widget\" data-widget_type=\"heading.default\">\n\t\t\t\t<div class=\"elementor-widget-container\">\n\t\t\t\t\t<h6 class=\"elementor-heading-title elementor-size-default\"><a href=\"https:\/\/tres-or.eu\/fr\/education-pour-une-culture-democratique\/\">\u00c9ducation pour une culture d\u00e9mocratique<\/a><\/h6>\t\t\t\t<\/div>\n\t\t\t\t<\/div>\n\t\t\t\t<div class=\"elementor-element elementor-element-640dab8 elementor-widget-divider--view-line elementor-widget elementor-widget-divider\" data-id=\"640dab8\" data-element_type=\"widget\" data-e-type=\"widget\" data-widget_type=\"divider.default\">\n\t\t\t\t<div class=\"elementor-widget-container\">\n\t\t\t\t\t\t\t<div class=\"elementor-divider\">\n\t\t\t<span class=\"elementor-divider-separator\">\n\t\t\t\t\t\t<\/span>\n\t\t<\/div>\n\t\t\t\t\t\t<\/div>\n\t\t\t\t<\/div>\n\t\t\t\t<div class=\"elementor-element elementor-element-54a6641 elementor-widget elementor-widget-heading\" data-id=\"54a6641\" data-element_type=\"widget\" data-e-type=\"widget\" data-widget_type=\"heading.default\">\n\t\t\t\t<div class=\"elementor-widget-container\">\n\t\t\t\t\t<h6 class=\"elementor-heading-title elementor-size-default\"><a href=\"https:\/\/tres-or.eu\/fr\/education-pour-les-competences-numeriques\/\">\u00c9ducation aux comp\u00e9tences num\u00e9riques<\/a><\/h6>\t\t\t\t<\/div>\n\t\t\t\t<\/div>\n\t\t\t\t<div class=\"elementor-element elementor-element-3e72e4a elementor-widget-divider--view-line elementor-widget elementor-widget-divider\" data-id=\"3e72e4a\" data-element_type=\"widget\" data-e-type=\"widget\" data-widget_type=\"divider.default\">\n\t\t\t\t<div class=\"elementor-widget-container\">\n\t\t\t\t\t\t\t<div class=\"elementor-divider\">\n\t\t\t<span class=\"elementor-divider-separator\">\n\t\t\t\t\t\t<\/span>\n\t\t<\/div>\n\t\t\t\t\t\t<\/div>\n\t\t\t\t<\/div>\n\t\t\t\t<div class=\"elementor-element elementor-element-137b6c4 elementor-widget elementor-widget-heading\" data-id=\"137b6c4\" data-element_type=\"widget\" data-e-type=\"widget\" data-widget_type=\"heading.default\">\n\t\t\t\t<div class=\"elementor-widget-container\">\n\t\t\t\t\t<h6 class=\"elementor-heading-title elementor-size-default\"><a href=\"https:\/\/tres-or.eu\/fr\/education-au-developpement-durable\/\">\u00c9ducation aux comp\u00e9tences plurilingues et interculturelles<\/a><\/h6>\t\t\t\t<\/div>\n\t\t\t\t<\/div>\n\t\t\t\t<div class=\"elementor-element elementor-element-e7023b3 elementor-widget-divider--view-line elementor-widget elementor-widget-divider\" data-id=\"e7023b3\" data-element_type=\"widget\" data-e-type=\"widget\" data-widget_type=\"divider.default\">\n\t\t\t\t<div class=\"elementor-widget-container\">\n\t\t\t\t\t\t\t<div class=\"elementor-divider\">\n\t\t\t<span class=\"elementor-divider-separator\">\n\t\t\t\t\t\t<\/span>\n\t\t<\/div>\n\t\t\t\t\t\t<\/div>\n\t\t\t\t<\/div>\n\t\t\t\t<div class=\"elementor-element elementor-element-8e5c5b9 elementor-widget elementor-widget-heading\" data-id=\"8e5c5b9\" data-element_type=\"widget\" data-e-type=\"widget\" data-widget_type=\"heading.default\">\n\t\t\t\t<div class=\"elementor-widget-container\">\n\t\t\t\t\t<h6 class=\"elementor-heading-title elementor-size-default\"><a href=\"https:\/\/tres-or.eu\/fr\/mission\/\">Notre mission<\/a><\/h6>\t\t\t\t<\/div>\n\t\t\t\t<\/div>\n\t\t\t\t<\/div>\n\t\t<div class=\"elementor-element elementor-element-4fa3f7f e-flex e-con-boxed parallax_section_no qode_elementor_container_no e-con e-child\" data-id=\"4fa3f7f\" data-element_type=\"container\" data-e-type=\"container\">\n\t\t\t\t\t<div class=\"e-con-inner\">\n\t\t\t\t\t<\/div>\n\t\t\t\t<\/div>\n\t\t\t\t<\/div>\n\t\t<div class=\"elementor-element elementor-element-667db2d e-con-full e-flex parallax_section_no qode_elementor_container_no e-con e-child\" data-id=\"667db2d\" data-element_type=\"container\" data-e-type=\"container\">\n\t\t\t\t<div class=\"elementor-element elementor-element-1de6bd3 elementor-widget elementor-widget-bridge_accordion\" data-id=\"1de6bd3\" data-element_type=\"widget\" data-e-type=\"widget\" data-widget_type=\"bridge_accordion.default\">\n\t\t\t\t<div class=\"elementor-widget-container\">\n\t\t\t\t\t\n        <div class=\"qode-accordion-holder clearfix qode-accordion qode-initial \">\n            <h5 class=\"clearfix qode-title-holder\">\n<span class=\"qode-tab-title\">\n\t\t\t<span class=\"qode-tab-title-icon\">\n\t\t\t\t\t<\/span>\n\t    <span class=\"qode-tab-title-inner\">\n        Qu\u2019est-ce que l\u2019\u00e9ducation au d\u00e9veloppement durable (EDD) ?    <\/span>\n<\/span>\n<span class=\"qode-accordion-mark\">\n    <span class=\"qode-accordion-mark-icon\">\n        <span class=\"icon_plus\"><\/span>\n        <span class=\"icon_minus-06\"><\/span>\n    <\/span>\n<\/span>\n<\/h5>\n<div  class=\"qode-accordion-content \" style=\"background-image: url()\">\n    <div class=\"qode-accordion-content-inner\">\n        <p>L\u2019EDD apprend aux \u00e9l\u00e8ves \u00e0 construire un monde plus durable. Elle ne se limite pas \u00e0 l\u2019environnement : elle montre comment les domaines \u00e9cologiques, \u00e9conomiques et sociaux sont li\u00e9s. L\u2019objectif est d\u2019encourager des actions responsables pour l\u2019avenir. Des th\u00e8mes comme le climat, les ressources, la justice sociale ou l\u2019\u00e9conomie durable sont au c\u0153ur de cette \u00e9ducation.<\/p>    <\/div>\n<\/div><h5 class=\"clearfix qode-title-holder\">\n<span class=\"qode-tab-title\">\n\t\t\t<span class=\"qode-tab-title-icon\">\n\t\t\t\t\t<\/span>\n\t    <span class=\"qode-tab-title-inner\">\n        Pourquoi est-ce important ?    <\/span>\n<\/span>\n<span class=\"qode-accordion-mark\">\n    <span class=\"qode-accordion-mark-icon\">\n        <span class=\"icon_plus\"><\/span>\n        <span class=\"icon_minus-06\"><\/span>\n    <\/span>\n<\/span>\n<\/h5>\n<div  class=\"qode-accordion-content \" style=\"background-image: url()\">\n    <div class=\"qode-accordion-content-inner\">\n        <p>Face aux grands probl\u00e8mes actuels \u2013 changement climatique, pollution, in\u00e9galit\u00e9s\u2026 \u2013 il faut changer nos fa\u00e7ons de penser et d\u2019agir. L\u2019EDD aide les jeunes \u00e0 comprendre ces d\u00e9fis et \u00e0 trouver des solutions. Elle les pr\u00e9pare \u00e0 faire des choix durables dans leur vie quotidienne. \u00c0 long terme, cela contribue \u00e0 cr\u00e9er une soci\u00e9t\u00e9 qui respecte l\u2019\u00e9quilibre entre les besoins d\u2019aujourd\u2019hui et ceux des g\u00e9n\u00e9rations futures.<\/p>    <\/div>\n<\/div><h5 class=\"clearfix qode-title-holder\">\n<span class=\"qode-tab-title\">\n\t\t\t<span class=\"qode-tab-title-icon\">\n\t\t\t\t\t<\/span>\n\t    <span class=\"qode-tab-title-inner\">\n        Que fait Tres\u2019OR ?    <\/span>\n<\/span>\n<span class=\"qode-accordion-mark\">\n    <span class=\"qode-accordion-mark-icon\">\n        <span class=\"icon_plus\"><\/span>\n        <span class=\"icon_minus-06\"><\/span>\n    <\/span>\n<\/span>\n<\/h5>\n<div  class=\"qode-accordion-content \" style=\"background-image: url()\">\n    <div class=\"qode-accordion-content-inner\">\n        <p>Tres\u2019OR int\u00e8gre l\u2019EDD dans les \u00e9tablissements scolaires de la r\u00e9gion du Rhin sup\u00e9rieur. Le projet propose des ressources et des modules de formation pratiques pour aider les enseignants \u00e0 aborder ces sujets avec une approche interdisciplinaire. Il s\u2019agit par exemple de projets sur le climat, la justice sociale ou la consommation responsable. Le but est que les jeunes deviennent des citoyens engag\u00e9s pour un avenir durable dans leur r\u00e9gion.<\/p>    <\/div>\n<\/div>        <\/div>\n\n        \t\t\t\t<\/div>\n\t\t\t\t<\/div>\n\t\t\t\t<\/div>\n\t\t\t\t<\/div>\n\t\t<div class=\"elementor-element elementor-element-463facba e-con-full e-flex parallax_section_no qode_elementor_container_no e-con e-parent\" data-id=\"463facba\" data-element_type=\"container\" data-e-type=\"container\" data-settings=\"{&quot;background_background&quot;:&quot;classic&quot;}\">\n\t\t<div class=\"elementor-element elementor-element-40428827 e-con-full e-flex parallax_section_no qode_elementor_container_no e-con e-child\" data-id=\"40428827\" data-element_type=\"container\" data-e-type=\"container\">\n\t\t\t\t<div class=\"elementor-element elementor-element-25e437d1 elementor-widget elementor-widget-bridge_icon\" data-id=\"25e437d1\" data-element_type=\"widget\" data-e-type=\"widget\" data-widget_type=\"bridge_icon.default\">\n\t\t\t\t<div class=\"elementor-widget-container\">\n\t\t\t\t\t<span data-type=\"normal\"  class=\"qode_icon_shortcode  q_font_awsome_icon fa-lg pull-left \" style=\" \"><span aria-hidden=\"true\" class=\"qode_icon_font_elegant icon_circle-empty qode_icon_element\" style=\"font-size: 12px;color: #1B3942;\" ><\/span><\/span>\t\t\t\t<\/div>\n\t\t\t\t<\/div>\n\t\t\t\t<div class=\"elementor-element elementor-element-2499ca8 elementor-widget elementor-widget-bridge_custom_font\" data-id=\"2499ca8\" data-element_type=\"widget\" data-e-type=\"widget\" data-widget_type=\"bridge_custom_font.default\">\n\t\t\t\t<div class=\"elementor-widget-container\">\n\t\t\t\t\t<div class=\"custom_font_holder \" style=\"font-family: Source Sans Pro; font-style: normal; font-weight: 600; color: #1B3942; text-decoration: none; letter-spacing: 1.728px; text-align: left; --qode-cf-font-size: 15px; --qode-cf-line-height: 22px; --qode-cf-font-size-1440: 15px; --qode-cf-line-height-1440: 22px; --qode-cf-font-size-1366: 15px; --qode-cf-line-height-1366: 22px; --qode-cf-font-size-1280: 15px; --qode-cf-line-height-1280: 22px; --qode-cf-font-size-1024: 15px; --qode-cf-line-height-1024: 22px; --qode-cf-font-size-768: 15px; --qode-cf-line-height-768: 22px; --qode-cf-font-size-680: 15px; --qode-cf-line-height-680: 22px; --qode-cf-font-size-480: 15px; --qode-cf-line-height-480: 22px;\">NEWSLETTER<\/div>\t\t\t\t<\/div>\n\t\t\t\t<\/div>\n\t\t\t\t<\/div>\n\t\t<div class=\"elementor-element elementor-element-1dd3771e e-con-full e-flex parallax_section_no qode_elementor_container_no e-con e-child\" data-id=\"1dd3771e\" data-element_type=\"container\" data-e-type=\"container\">\n\t\t\t\t<div class=\"elementor-element elementor-element-7947ef38 elementor-widget__width-initial elementor-widget elementor-widget-heading\" data-id=\"7947ef38\" data-element_type=\"widget\" data-e-type=\"widget\" data-widget_type=\"heading.default\">\n\t\t\t\t<div class=\"elementor-widget-container\">\n\t\t\t\t\t<h3 class=\"elementor-heading-title elementor-size-default\">Abonnez-vous \u00e0 notre newsletter et soyez toujours au courant des derni\u00e8res nouvelles !<\/h3>\t\t\t\t<\/div>\n\t\t\t\t<\/div>\n\t\t\t\t<div class=\"elementor-element elementor-element-1fe7b18e elementor-widget__width-initial elementor-widget elementor-widget-bridge_cf_7\" data-id=\"1fe7b18e\" data-element_type=\"widget\" data-e-type=\"widget\" data-widget_type=\"bridge_cf_7.default\">\n\t\t\t\t<div class=\"elementor-widget-container\">\n\t\t\t\t\t    <div class=\"qode-contact-form-7 qode-contact-form-7-0\">\n    \n<div class=\"wpcf7 no-js\" id=\"wpcf7-f7950-o1\" lang=\"de-DE\" dir=\"ltr\" data-wpcf7-id=\"7950\">\n<div class=\"screen-reader-response\"><p role=\"status\" aria-live=\"polite\" aria-atomic=\"true\"><\/p> <ul><\/ul><\/div>\n<form action=\"\/fr\/wp-json\/wp\/v2\/pages\/12003#wpcf7-f7950-o1\" method=\"post\" class=\"wpcf7-form init cf7_custom_style_1\" aria-label=\"Kontaktformular\" novalidate=\"novalidate\" data-status=\"init\">\n<fieldset class=\"hidden-fields-container\"><input type=\"hidden\" name=\"_wpcf7\" value=\"7950\" \/><input type=\"hidden\" name=\"_wpcf7_version\" value=\"6.1.5\" \/><input type=\"hidden\" name=\"_wpcf7_locale\" value=\"de_DE\" \/><input type=\"hidden\" name=\"_wpcf7_unit_tag\" value=\"wpcf7-f7950-o1\" \/><input type=\"hidden\" name=\"_wpcf7_container_post\" value=\"0\" \/><input type=\"hidden\" name=\"_wpcf7_posted_data_hash\" value=\"\" \/>\n<\/fieldset>\n<div class=\"qode-cf7-newsletter\">\n<span class=\"wpcf7-form-control-wrap\" data-name=\"your-email\"><input size=\"40\" maxlength=\"400\" class=\"wpcf7-form-control wpcf7-email wpcf7-validates-as-required wpcf7-text wpcf7-validates-as-email\" aria-required=\"true\" aria-invalid=\"false\" placeholder=\"Email\" value=\"\" type=\"email\" name=\"your-email\" \/><\/span>\n<input class=\"wpcf7-form-control wpcf7-submit has-spinner\" type=\"submit\" value=\"Subscribe\" \/>\n<\/div><div class=\"wpcf7-response-output\" aria-hidden=\"true\"><\/div>\n<\/form>\n<\/div>\n    <\/div>\n\t\t\t\t<\/div>\n\t\t\t\t<\/div>\n\t\t\t\t<\/div>\n\t\t\t\t<\/div>\n\t\t\t\t<\/div>\n\t\t","protected":false},"excerpt":{"rendered":"<p>\u00c9ducation pour une culture d\u00e9mocratique \u00c9ducation aux comp\u00e9tences num\u00e9riques \u00c9ducation aux comp\u00e9tences plurilingues et interculturelles Notre mission Qu\u2019est-ce que l\u2019\u00e9ducation au d\u00e9veloppement durable (EDD) ? L\u2019EDD apprend aux \u00e9l\u00e8ves \u00e0 construire un monde plus durable. Elle ne se limite pas \u00e0 l\u2019environnement : elle montre&#8230;<\/p>\n","protected":false},"author":2,"featured_media":0,"parent":0,"menu_order":0,"comment_status":"closed","ping_status":"closed","template":"full_width.php","meta":{"footnotes":""},"class_list":["post-12003","page","type-page","status-publish","hentry"],"_links":{"self":[{"href":"https:\/\/tres-or.eu\/fr\/wp-json\/wp\/v2\/pages\/12003","targetHints":{"allow":["GET"]}}],"collection":[{"href":"https:\/\/tres-or.eu\/fr\/wp-json\/wp\/v2\/pages"}],"about":[{"href":"https:\/\/tres-or.eu\/fr\/wp-json\/wp\/v2\/types\/page"}],"author":[{"embeddable":true,"href":"https:\/\/tres-or.eu\/fr\/wp-json\/wp\/v2\/users\/2"}],"replies":[{"embeddable":true,"href":"https:\/\/tres-or.eu\/fr\/wp-json\/wp\/v2\/comments?post=12003"}],"version-history":[{"count":8,"href":"https:\/\/tres-or.eu\/fr\/wp-json\/wp\/v2\/pages\/12003\/revisions"}],"predecessor-version":[{"id":12472,"href":"https:\/\/tres-or.eu\/fr\/wp-json\/wp\/v2\/pages\/12003\/revisions\/12472"}],"wp:attachment":[{"href":"https:\/\/tres-or.eu\/fr\/wp-json\/wp\/v2\/media?parent=12003"}],"curies":[{"name":"wp","href":"https:\/\/api.w.org\/{rel}","templated":true}]}}